{"id":1959,"date":"2025-01-31T11:41:08","date_gmt":"2025-01-31T11:41:08","guid":{"rendered":"https:\/\/urtest.site\/acinspire\/imprint\/"},"modified":"2025-02-10T16:39:14","modified_gmt":"2025-02-10T16:39:14","slug":"imprint","status":"publish","type":"page","link":"https:\/\/ac-inspire.de\/de\/imprint\/","title":{"rendered":"imprint"},"content":{"rendered":"\t\t<div data-elementor-type=\"wp-page\" data-elementor-id=\"1959\" class=\"elementor elementor-1959 elementor-1379\" data-elementor-post-type=\"page\">\n\t\t\t\t<div class=\"elementor-element elementor-element-3b31298 e-flex e-con-boxed e-con e-parent\" data-id=\"3b31298\" data-element_type=\"container\" data-e-type=\"container\" data-settings=\"{&quot;background_background&quot;:&quot;classic&quot;}\">\n\t\t\t\t\t<div class=\"e-con-inner\">\n\t\t\t\t<div class=\"elementor-element elementor-element-1dd7f31 elementor-widget elementor-widget-heading\" data-id=\"1dd7f31\" data-element_type=\"widget\" data-e-type=\"widget\" data-widget_type=\"heading.default\">\n\t\t\t\t<div class=\"elementor-widget-container\">\n\t\t\t\t\t<h2 class=\"elementor-heading-title elementor-size-default\">Impressum<\/h2>\t\t\t\t<\/div>\n\t\t\t\t<\/div>\n\t\t\t\t\t<\/div>\n\t\t\t\t<\/div>\n\t\t<div class=\"elementor-element elementor-element-cab9f17 e-flex e-con-boxed e-con e-parent\" data-id=\"cab9f17\" data-element_type=\"container\" data-e-type=\"container\">\n\t\t\t\t\t<div class=\"e-con-inner\">\n\t\t\t\t<div class=\"elementor-element elementor-element-1c9c2d7 elementor-widget elementor-widget-heading\" data-id=\"1c9c2d7\" data-element_type=\"widget\" data-e-type=\"widget\" data-widget_type=\"heading.default\">\n\t\t\t\t<div class=\"elementor-widget-container\">\n\t\t\t\t\t<h2 class=\"elementor-heading-title elementor-size-default\">Impressum ac-INSPIRE<\/h2>\t\t\t\t<\/div>\n\t\t\t\t<\/div>\n\t\t\t\t<div class=\"elementor-element elementor-element-9bfc829 elementor-widget elementor-widget-text-editor\" data-id=\"9bfc829\" data-element_type=\"widget\" data-e-type=\"widget\" data-widget_type=\"text-editor.default\">\n\t\t\t\t<div class=\"elementor-widget-container\">\n\t\t\t\t\t\t\t\t\t<div dir=\"auto\">ac-INSPIRE<\/div><div dir=\"auto\">Ferdinands H\u00f6h 1, 22587, Hamburg, Germany<\/div><div dir=\"auto\">\u00a0<\/div><div dir=\"auto\"><div dir=\"auto\">Phone: 01729318699<\/div><div dir=\"auto\">Email: contact@ac-inspire.de<\/div><div dir=\"auto\">Website: www.ac-inspire.de<\/div><\/div><div dir=\"auto\">\u00a0<\/div><div dir=\"auto\">Rechtsform: [z. B. Einzelunternehmen, GmbH, UG]<\/div><div dir=\"auto\">Sitz: Hamburg, Deutschland<\/div><div dir=\"auto\">Handelsregister: Amtsgericht Hamburg, HRB [Registernummer] (falls zutreffend)<\/div><div dir=\"auto\">USt-IdNr.: DE[Ihre Umsatzsteuer-<wbr \/>Identifikationsnummer] (falls zutreffend)<\/div><div dir=\"auto\">\u00a0<\/div><div dir=\"auto\">Inhaltlich verantwortlich gem\u00e4\u00df \u00a7 18 MStV \/ \u00a7 5 TMG:<\/div><div dir=\"auto\">[Ihr vollst\u00e4ndiger Name]<\/div><div dir=\"auto\">[Firmenadresse]<\/div><div dir=\"auto\">\u00a0<\/div><div dir=\"auto\">Aufsichtsbeh\u00f6rde:<\/div><div dir=\"auto\">[Zust\u00e4ndige Beh\u00f6rde in Hamburg, z. B. Bezirksamt Altona]<\/div><div dir=\"auto\">\u00a0<\/div><div dir=\"auto\">Haftungsausschluss:<\/div><div dir=\"auto\">Trotz sorgf\u00e4ltiger inhaltlicher Kontrolle \u00fcbernehmen wir keine Haftung f\u00fcr die Vollst\u00e4ndigkeit, Richtigkeit oder Aktualit\u00e4t der bereitgestellten Informationen. Externe Links werden gepr\u00fcft, aber f\u00fcr fremde Inhalte \u00fcbernehmen wir keine Verantwortung.<\/div>\t\t\t\t\t\t\t\t<\/div>\n\t\t\t\t<\/div>\n\t\t\t\t\t<\/div>\n\t\t\t\t<\/div>\n\t\t\t\t<\/div>\n\t\t","protected":false},"excerpt":{"rendered":"<p>Impressum Impressum ac-INSPIRE ac-INSPIREFerdinands H\u00f6h 1, 22587, Hamburg, Germany\u00a0Phone: 01729318699Email: contact@ac-inspire.deWebsite: www.ac-inspire.de\u00a0Rechtsform: [z. B. Einzelunternehmen, GmbH, UG]Sitz: Hamburg, DeutschlandHandelsregister: Amtsgericht Hamburg, HRB [Registernummer] (falls zutreffend)USt-IdNr.: DE[Ihre Umsatzsteuer-Identifikationsnummer] (falls zutreffend)\u00a0Inhaltlich verantwortlich gem\u00e4\u00df \u00a7 18 MStV \/ \u00a7 5 TMG:[Ihr vollst\u00e4ndiger Name][Firmenadresse]\u00a0Aufsichtsbeh\u00f6rde:[Zust\u00e4ndige Beh\u00f6rde in Hamburg, z. B. Bezirksamt Altona]\u00a0Haftungsausschluss:Trotz sorgf\u00e4ltiger inhaltlicher Kontrolle \u00fcbernehmen wir keine Haftung f\u00fcr [&hellip;]<\/p>\n","protected":false},"author":3,"featured_media":0,"parent":0,"menu_order":0,"comment_status":"closed","ping_status":"closed","template":"elementor_header_footer","meta":{"footnotes":""},"class_list":["post-1959","page","type-page","status-publish","hentry"],"_links":{"self":[{"href":"https:\/\/ac-inspire.de\/de\/wp-json\/wp\/v2\/pages\/1959","targetHints":{"allow":["GET"]}}],"collection":[{"href":"https:\/\/ac-inspire.de\/de\/wp-json\/wp\/v2\/pages"}],"about":[{"href":"https:\/\/ac-inspire.de\/de\/wp-json\/wp\/v2\/types\/page"}],"author":[{"embeddable":true,"href":"https:\/\/ac-inspire.de\/de\/wp-json\/wp\/v2\/users\/3"}],"replies":[{"embeddable":true,"href":"https:\/\/ac-inspire.de\/de\/wp-json\/wp\/v2\/comments?post=1959"}],"version-history":[{"count":18,"href":"https:\/\/ac-inspire.de\/de\/wp-json\/wp\/v2\/pages\/1959\/revisions"}],"predecessor-version":[{"id":2139,"href":"https:\/\/ac-inspire.de\/de\/wp-json\/wp\/v2\/pages\/1959\/revisions\/2139"}],"wp:attachment":[{"href":"https:\/\/ac-inspire.de\/de\/wp-json\/wp\/v2\/media?parent=1959"}],"curies":[{"name":"wp","href":"https:\/\/api.w.org\/{rel}","templated":true}]}}