{"id":1941,"date":"2025-02-10T09:46:03","date_gmt":"2025-02-10T09:46:03","guid":{"rendered":"https:\/\/urtest.site\/acinspire\/cookie-settings\/"},"modified":"2025-02-11T18:43:08","modified_gmt":"2025-02-11T18:43:08","slug":"cookie-settings","status":"publish","type":"page","link":"https:\/\/ac-inspire.de\/de\/cookie-settings\/","title":{"rendered":"Cookie Settings"},"content":{"rendered":"\t\t<div data-elementor-type=\"wp-page\" data-elementor-id=\"1941\" class=\"elementor elementor-1941 elementor-1894\" data-elementor-post-type=\"page\">\n\t\t\t\t<div class=\"elementor-element elementor-element-304a3d1 e-flex e-con-boxed e-con e-parent\" data-id=\"304a3d1\" data-element_type=\"container\" data-e-type=\"container\" data-settings=\"{&quot;background_background&quot;:&quot;classic&quot;}\">\n\t\t\t\t\t<div class=\"e-con-inner\">\n\t\t\t\t<div class=\"elementor-element elementor-element-94d234a elementor-widget elementor-widget-heading\" data-id=\"94d234a\" data-element_type=\"widget\" data-e-type=\"widget\" data-widget_type=\"heading.default\">\n\t\t\t\t<div class=\"elementor-widget-container\">\n\t\t\t\t\t<h2 class=\"elementor-heading-title elementor-size-default\">Cookie-Einstellungen<\/h2>\t\t\t\t<\/div>\n\t\t\t\t<\/div>\n\t\t\t\t\t<\/div>\n\t\t\t\t<\/div>\n\t\t<div class=\"elementor-element elementor-element-290fd2d e-flex e-con-boxed e-con e-parent\" data-id=\"290fd2d\" data-element_type=\"container\" data-e-type=\"container\">\n\t\t\t\t\t<div class=\"e-con-inner\">\n\t\t\t\t<div class=\"elementor-element elementor-element-ba5b428 elementor-widget elementor-widget-heading\" data-id=\"ba5b428\" data-element_type=\"widget\" data-e-type=\"widget\" data-widget_type=\"heading.default\">\n\t\t\t\t<div class=\"elementor-widget-container\">\n\t\t\t\t\t<h2 class=\"elementor-heading-title elementor-size-default\">Cookie-Richtlinie<\/h2>\t\t\t\t<\/div>\n\t\t\t\t<\/div>\n\t\t\t\t<div class=\"elementor-element elementor-element-12f9ef0 elementor-widget elementor-widget-text-editor\" data-id=\"12f9ef0\" data-element_type=\"widget\" data-e-type=\"widget\" data-widget_type=\"text-editor.default\">\n\t\t\t\t<div class=\"elementor-widget-container\">\n\t\t\t\t\t\t\t\t\t<p><strong>1. Einleitung<\/strong> Diese Cookie-Richtlinie erkl\u00e4rt, wie ac-INSPIRE Cookies und \u00e4hnliche Technologien auf unserer Website verwendet. Indem Sie unsere Website nutzen, stimmen Sie der Verwendung von Cookies gem\u00e4\u00df dieser Richtlinie zu.<\/p><p><strong>2. Was sind Cookies?<\/strong> Cookies sind kleine Textdateien, die auf Ihrem Endger\u00e4t gespeichert werden, wenn Sie eine Website besuchen. Sie helfen uns, die Nutzererfahrung zu verbessern, indem sie Informationen speichern, die f\u00fcr die Funktion der Website erforderlich sind.<\/p><p><strong>3. Welche Arten von Cookies verwenden wir?<\/strong> Wir verwenden die folgenden Arten von Cookies:<\/p><ul data-spread=\"false\"><li><p><strong>Notwendige Cookies<\/strong>: Diese Cookies sind essenziell f\u00fcr den Betrieb unserer Website und k\u00f6nnen nicht deaktiviert werden.<\/p><\/li><li><p><strong>Funktionale Cookies<\/strong>: Diese Cookies speichern Ihre Einstellungen und Pr\u00e4ferenzen, um Ihnen eine personalisierte Erfahrung zu bieten.<\/p><\/li><li><p><strong>Analyse- und Performance-Cookies<\/strong>: Diese Cookies helfen uns zu verstehen, wie Besucher unsere Website nutzen, um sie kontinuierlich zu verbessern.<\/p><\/li><li><p><strong>Marketing- und Tracking-Cookies<\/strong>: Diese Cookies werden verwendet, um Ihnen relevante Werbung anzuzeigen und die Effektivit\u00e4t von Werbekampagnen zu messen.<\/p><\/li><\/ul><p><strong>4. Verwaltung und Deaktivierung von Cookies<\/strong> Sie k\u00f6nnen Cookies in den Einstellungen Ihres Browsers steuern und deaktivieren. Bitte beachten Sie, dass einige Funktionen unserer Website ohne Cookies m\u00f6glicherweise nicht ordnungsgem\u00e4\u00df funktionieren.<\/p><p><strong>5. Drittanbieter-Cookies<\/strong> Wir verwenden auch Cookies von Drittanbietern, z. B. von Google Analytics, um das Nutzerverhalten zu analysieren. Diese Cookies unterliegen den Datenschutzrichtlinien der jeweiligen Anbieter.<\/p><p><strong>6. \u00c4nderungen dieser Cookie-Richtlinie<\/strong> Wir behalten uns das Recht vor, diese Richtlinie jederzeit zu \u00e4ndern. Die aktuelle Version finden Sie stets auf unserer Website.<\/p><p><strong>7. Kontakt<\/strong> Bei Fragen zu dieser Cookie-Richtlinie k\u00f6nnen Sie uns kontaktieren: ac-INSPIRE<br \/>Ferdinands H\u00f6h 1, 22587 Hamburg<br \/>E-Mail: <a>contact@ac-inspire.de<\/a><br \/>Telefon: +49 172 9318699, +49 176 61115795<\/p>\t\t\t\t\t\t\t\t<\/div>\n\t\t\t\t<\/div>\n\t\t\t\t\t<\/div>\n\t\t\t\t<\/div>\n\t\t\t\t<\/div>\n\t\t","protected":false},"excerpt":{"rendered":"<p>Cookie-Einstellungen Cookie-Richtlinie 1. Einleitung Diese Cookie-Richtlinie erkl\u00e4rt, wie ac-INSPIRE Cookies und \u00e4hnliche Technologien auf unserer Website verwendet. Indem Sie unsere Website nutzen, stimmen Sie der Verwendung von Cookies gem\u00e4\u00df dieser Richtlinie zu. 2. Was sind Cookies? Cookies sind kleine Textdateien, die auf Ihrem Endger\u00e4t gespeichert werden, wenn Sie eine Website besuchen. Sie helfen uns, die [&hellip;]<\/p>\n","protected":false},"author":3,"featured_media":0,"parent":0,"menu_order":0,"comment_status":"closed","ping_status":"closed","template":"elementor_header_footer","meta":{"footnotes":""},"class_list":["post-1941","page","type-page","status-publish","hentry"],"_links":{"self":[{"href":"https:\/\/ac-inspire.de\/de\/wp-json\/wp\/v2\/pages\/1941","targetHints":{"allow":["GET"]}}],"collection":[{"href":"https:\/\/ac-inspire.de\/de\/wp-json\/wp\/v2\/pages"}],"about":[{"href":"https:\/\/ac-inspire.de\/de\/wp-json\/wp\/v2\/types\/page"}],"author":[{"embeddable":true,"href":"https:\/\/ac-inspire.de\/de\/wp-json\/wp\/v2\/users\/3"}],"replies":[{"embeddable":true,"href":"https:\/\/ac-inspire.de\/de\/wp-json\/wp\/v2\/comments?post=1941"}],"version-history":[{"count":24,"href":"https:\/\/ac-inspire.de\/de\/wp-json\/wp\/v2\/pages\/1941\/revisions"}],"predecessor-version":[{"id":2190,"href":"https:\/\/ac-inspire.de\/de\/wp-json\/wp\/v2\/pages\/1941\/revisions\/2190"}],"wp:attachment":[{"href":"https:\/\/ac-inspire.de\/de\/wp-json\/wp\/v2\/media?parent=1941"}],"curies":[{"name":"wp","href":"https:\/\/api.w.org\/{rel}","templated":true}]}}