{"id":1559,"date":"2023-07-10T05:30:25","date_gmt":"2023-07-10T05:30:25","guid":{"rendered":"https:\/\/urtest.site\/acinspire\/finance-and-accounting-coaching\/"},"modified":"2025-02-12T22:17:39","modified_gmt":"2025-02-12T22:17:39","slug":"finance-and-accounting-coaching","status":"publish","type":"page","link":"https:\/\/ac-inspire.de\/de\/finance-and-accounting-coaching\/","title":{"rendered":"Finance and Accounting Coaching"},"content":{"rendered":"\t\t<div data-elementor-type=\"wp-page\" data-elementor-id=\"1559\" class=\"elementor elementor-1559 elementor-44\" data-elementor-post-type=\"page\">\n\t\t\t\t<div class=\"elementor-element elementor-element-9ad9830 e-flex e-con-boxed e-con e-parent\" data-id=\"9ad9830\" data-element_type=\"container\" data-e-type=\"container\" data-settings=\"{&quot;background_background&quot;:&quot;classic&quot;}\">\n\t\t\t\t\t<div class=\"e-con-inner\">\n\t\t\t\t<div class=\"elementor-element elementor-element-c5a9681 elementor-widget elementor-widget-heading\" data-id=\"c5a9681\" data-element_type=\"widget\" data-e-type=\"widget\" data-widget_type=\"heading.default\">\n\t\t\t\t<div class=\"elementor-widget-container\">\n\t\t\t\t\t<h2 class=\"elementor-heading-title elementor-size-default\">Finanz- und Rechnungswesen-Coaching<\/h2>\t\t\t\t<\/div>\n\t\t\t\t<\/div>\n\t\t\t\t<div class=\"elementor-element elementor-element-9ff04d2 elementor-icon-list--layout-inline elementor-align-center elementor-list-item-link-full_width elementor-widget elementor-widget-icon-list\" data-id=\"9ff04d2\" data-element_type=\"widget\" data-e-type=\"widget\" data-widget_type=\"icon-list.default\">\n\t\t\t\t<div class=\"elementor-widget-container\">\n\t\t\t\t\t\t\t<ul class=\"elementor-icon-list-items elementor-inline-items\">\n\t\t\t\t\t\t\t<li class=\"elementor-icon-list-item elementor-inline-item\">\n\t\t\t\t\t\t\t\t\t\t\t<a href=\"https:\/\/ac-inspire.de\/de\/\">\n\n\t\t\t\t\t\t\t\t\t\t\t<span class=\"elementor-icon-list-text\">Home<\/span>\n\t\t\t\t\t\t\t\t\t\t\t<\/a>\n\t\t\t\t\t\t\t\t\t<\/li>\n\t\t\t\t\t\t\t\t<li class=\"elementor-icon-list-item elementor-inline-item\">\n\t\t\t\t\t\t\t\t\t\t<span class=\"elementor-icon-list-text\">Finanz- und Rechnungswesen-Coaching<\/span>\n\t\t\t\t\t\t\t\t\t<\/li>\n\t\t\t\t\t\t<\/ul>\n\t\t\t\t\t\t<\/div>\n\t\t\t\t<\/div>\n\t\t\t\t\t<\/div>\n\t\t\t\t<\/div>\n\t\t<div class=\"elementor-element elementor-element-74f88c9 e-flex e-con-boxed e-con e-parent\" data-id=\"74f88c9\" data-element_type=\"container\" data-e-type=\"container\">\n\t\t\t\t\t<div class=\"e-con-inner\">\n\t\t<div class=\"elementor-element elementor-element-40989e4 e-con-full e-flex e-con e-child\" data-id=\"40989e4\" data-element_type=\"container\" data-e-type=\"container\">\n\t\t\t\t<div class=\"elementor-element elementor-element-f91a511 elementor-widget elementor-widget-heading\" data-id=\"f91a511\" data-element_type=\"widget\" data-e-type=\"widget\" data-widget_type=\"heading.default\">\n\t\t\t\t<div class=\"elementor-widget-container\">\n\t\t\t\t\t<h2 class=\"elementor-heading-title elementor-size-default\">Finanz-Coaching: Was Wir Tun<\/h2>\t\t\t\t<\/div>\n\t\t\t\t<\/div>\n\t\t\t\t<div class=\"elementor-element elementor-element-1a0c648 elementor-align-start elementor-icon-list--layout-traditional elementor-list-item-link-full_width elementor-widget elementor-widget-icon-list\" data-id=\"1a0c648\" data-element_type=\"widget\" data-e-type=\"widget\" data-widget_type=\"icon-list.default\">\n\t\t\t\t<div class=\"elementor-widget-container\">\n\t\t\t\t\t\t\t<ul class=\"elementor-icon-list-items\">\n\t\t\t\t\t\t\t<li class=\"elementor-icon-list-item\">\n\t\t\t\t\t\t\t\t\t\t\t<span class=\"elementor-icon-list-icon\">\n\t\t\t\t\t\t\t<svg xmlns=\"http:\/\/www.w3.org\/2000\/svg\" id=\"icons\" height=\"512\" viewBox=\"0 0 24 24\" width=\"512\"><path d=\"m7 21h10a4 4 0 0 0 4-4v-4.85a1 1 0 1 0 -2 0v4.85a2 2 0 0 1 -2 2h-10a2 2 0 0 1 -2-2v-10a2 2 0 0 1 2-2h5a1 1 0 0 0 0-2h-5a4 4 0 0 0 -4 4v10a4 4 0 0 0 4 4z\"><\/path><path d=\"m20.29 4.29-8.29 8.3-3.29-3.3a1 1 0 1 0 -1.42 1.42l4 4a1 1 0 0 0 1.42 0l9-9a1 1 0 1 0 -1.42-1.42z\"><\/path><\/svg>\t\t\t\t\t\t<\/span>\n\t\t\t\t\t\t\t\t\t\t<span class=\"elementor-icon-list-text\">Verst\u00e4ndnis f\u00fcr die aktuellen Herausforderungen und Ziele Ihres Unternehmens<\/span>\n\t\t\t\t\t\t\t\t\t<\/li>\n\t\t\t\t\t\t\t\t<li class=\"elementor-icon-list-item\">\n\t\t\t\t\t\t\t\t\t\t\t<span class=\"elementor-icon-list-icon\">\n\t\t\t\t\t\t\t<svg xmlns=\"http:\/\/www.w3.org\/2000\/svg\" id=\"icons\" height=\"512\" viewBox=\"0 0 24 24\" width=\"512\"><path d=\"m7 21h10a4 4 0 0 0 4-4v-4.85a1 1 0 1 0 -2 0v4.85a2 2 0 0 1 -2 2h-10a2 2 0 0 1 -2-2v-10a2 2 0 0 1 2-2h5a1 1 0 0 0 0-2h-5a4 4 0 0 0 -4 4v10a4 4 0 0 0 4 4z\"><\/path><path d=\"m20.29 4.29-8.29 8.3-3.29-3.3a1 1 0 1 0 -1.42 1.42l4 4a1 1 0 0 0 1.42 0l9-9a1 1 0 1 0 -1.42-1.42z\"><\/path><\/svg>\t\t\t\t\t\t<\/span>\n\t\t\t\t\t\t\t\t\t\t<span class=\"elementor-icon-list-text\"><span data-start=\"122\" data-end=\"177\">Modernisierung oder Etablierung von Finanzprozessen<\/span> \u2013 Optimierung und Aktualisierung veralteter Finanzpraktiken durch effizientere und zeitsparende L\u00f6sungen<\/span>\n\t\t\t\t\t\t\t\t\t<\/li>\n\t\t\t\t\t\t\t\t<li class=\"elementor-icon-list-item\">\n\t\t\t\t\t\t\t\t\t\t\t<span class=\"elementor-icon-list-icon\">\n\t\t\t\t\t\t\t<svg xmlns=\"http:\/\/www.w3.org\/2000\/svg\" id=\"icons\" height=\"512\" viewBox=\"0 0 24 24\" width=\"512\"><path d=\"m7 21h10a4 4 0 0 0 4-4v-4.85a1 1 0 1 0 -2 0v4.85a2 2 0 0 1 -2 2h-10a2 2 0 0 1 -2-2v-10a2 2 0 0 1 2-2h5a1 1 0 0 0 0-2h-5a4 4 0 0 0 -4 4v10a4 4 0 0 0 4 4z\"><\/path><path d=\"m20.29 4.29-8.29 8.3-3.29-3.3a1 1 0 1 0 -1.42 1.42l4 4a1 1 0 0 0 1.42 0l9-9a1 1 0 1 0 -1.42-1.42z\"><\/path><\/svg>\t\t\t\t\t\t<\/span>\n\t\t\t\t\t\t\t\t\t\t<span class=\"elementor-icon-list-text\"><span data-start=\"288\" data-end=\"351\">Entwicklung von Kostenreduzierungs- und Wachstumsstrategien<\/span> \u2013 Ma\u00dfgeschneiderte Beratung zur Kontrolle der Betriebsausgaben (OPEX) und zur Erarbeitung umsetzbarer Ma\u00dfnahmen zur Steigerung der Profitabilit\u00e4t<\/span>\n\t\t\t\t\t\t\t\t\t<\/li>\n\t\t\t\t\t\t\t\t<li class=\"elementor-icon-list-item\">\n\t\t\t\t\t\t\t\t\t\t\t<span class=\"elementor-icon-list-icon\">\n\t\t\t\t\t\t\t<svg xmlns=\"http:\/\/www.w3.org\/2000\/svg\" id=\"icons\" height=\"512\" viewBox=\"0 0 24 24\" width=\"512\"><path d=\"m7 21h10a4 4 0 0 0 4-4v-4.85a1 1 0 1 0 -2 0v4.85a2 2 0 0 1 -2 2h-10a2 2 0 0 1 -2-2v-10a2 2 0 0 1 2-2h5a1 1 0 0 0 0-2h-5a4 4 0 0 0 -4 4v10a4 4 0 0 0 4 4z\"><\/path><path d=\"m20.29 4.29-8.29 8.3-3.29-3.3a1 1 0 1 0 -1.42 1.42l4 4a1 1 0 0 0 1.42 0l9-9a1 1 0 1 0 -1.42-1.42z\"><\/path><\/svg>\t\t\t\t\t\t<\/span>\n\t\t\t\t\t\t\t\t\t\t<span class=\"elementor-icon-list-text\"><span data-start=\"500\" data-end=\"547\">St\u00e4rkung des Vertrauens in Ihr eigenes Team<\/span> \u2013 Vermittlung grundlegender Kenntnisse in Buchhaltung und Finanzmanagement, um Ihnen die Sicherheit zu geben, Ihre Finanzen souver\u00e4n zu steuern<\/span>\n\t\t\t\t\t\t\t\t\t<\/li>\n\t\t\t\t\t\t\t\t<li class=\"elementor-icon-list-item\">\n\t\t\t\t\t\t\t\t\t\t\t<span class=\"elementor-icon-list-icon\">\n\t\t\t\t\t\t\t<svg xmlns=\"http:\/\/www.w3.org\/2000\/svg\" id=\"icons\" height=\"512\" viewBox=\"0 0 24 24\" width=\"512\"><path d=\"m7 21h10a4 4 0 0 0 4-4v-4.85a1 1 0 1 0 -2 0v4.85a2 2 0 0 1 -2 2h-10a2 2 0 0 1 -2-2v-10a2 2 0 0 1 2-2h5a1 1 0 0 0 0-2h-5a4 4 0 0 0 -4 4v10a4 4 0 0 0 4 4z\"><\/path><path d=\"m20.29 4.29-8.29 8.3-3.29-3.3a1 1 0 1 0 -1.42 1.42l4 4a1 1 0 0 0 1.42 0l9-9a1 1 0 1 0 -1.42-1.42z\"><\/path><\/svg>\t\t\t\t\t\t<\/span>\n\t\t\t\t\t\t\t\t\t\t<span class=\"elementor-icon-list-text\"><span data-start=\"697\" data-end=\"748\">Herausforderungen in Finanzprozessen bew\u00e4ltigen<\/span> \u2013 Identifikation der Ursachen von Unregelm\u00e4\u00dfigkeiten, Entwicklung effektiver Strategien zur Beseitigung von Engp\u00e4ssen und Implementierung von Optimierungen f\u00fcr h\u00f6here Genauigkeit, Effizienz und Compliance<\/span>\n\t\t\t\t\t\t\t\t\t<\/li>\n\t\t\t\t\t\t\t\t<li class=\"elementor-icon-list-item\">\n\t\t\t\t\t\t\t\t\t\t\t<span class=\"elementor-icon-list-icon\">\n\t\t\t\t\t\t\t<svg xmlns=\"http:\/\/www.w3.org\/2000\/svg\" id=\"icons\" height=\"512\" viewBox=\"0 0 24 24\" width=\"512\"><path d=\"m7 21h10a4 4 0 0 0 4-4v-4.85a1 1 0 1 0 -2 0v4.85a2 2 0 0 1 -2 2h-10a2 2 0 0 1 -2-2v-10a2 2 0 0 1 2-2h5a1 1 0 0 0 0-2h-5a4 4 0 0 0 -4 4v10a4 4 0 0 0 4 4z\"><\/path><path d=\"m20.29 4.29-8.29 8.3-3.29-3.3a1 1 0 1 0 -1.42 1.42l4 4a1 1 0 0 0 1.42 0l9-9a1 1 0 1 0 -1.42-1.42z\"><\/path><\/svg>\t\t\t\t\t\t<\/span>\n\t\t\t\t\t\t\t\t\t\t<span class=\"elementor-icon-list-text\"><span data-start=\"959\" data-end=\"1003\">\u00dcberarbeitung der Budgetierungspraktiken<\/span> \u2013 Unterst\u00fctzung bei der Neuausrichtung und Strukturierung Ihres Budgetierungsprozesses<\/span>\n\t\t\t\t\t\t\t\t\t<\/li>\n\t\t\t\t\t\t\t\t<li class=\"elementor-icon-list-item\">\n\t\t\t\t\t\t\t\t\t\t\t<span class=\"elementor-icon-list-icon\">\n\t\t\t\t\t\t\t<svg xmlns=\"http:\/\/www.w3.org\/2000\/svg\" id=\"icons\" height=\"512\" viewBox=\"0 0 24 24\" width=\"512\"><path d=\"m7 21h10a4 4 0 0 0 4-4v-4.85a1 1 0 1 0 -2 0v4.85a2 2 0 0 1 -2 2h-10a2 2 0 0 1 -2-2v-10a2 2 0 0 1 2-2h5a1 1 0 0 0 0-2h-5a4 4 0 0 0 -4 4v10a4 4 0 0 0 4 4z\"><\/path><path d=\"m20.29 4.29-8.29 8.3-3.29-3.3a1 1 0 1 0 -1.42 1.42l4 4a1 1 0 0 0 1.42 0l9-9a1 1 0 1 0 -1.42-1.42z\"><\/path><\/svg>\t\t\t\t\t\t<\/span>\n\t\t\t\t\t\t\t\t\t\t<span class=\"elementor-icon-list-text\"><span data-start=\"1164\" data-end=\"1196\">Praktische L\u00f6sungen umsetzen<\/span> \u2013 Unterst\u00fctzung bei der Implementierung von Finanzstrategien und -tools, um langfristigen Erfolg und Wachstum zu sichern<\/span>\n\t\t\t\t\t\t\t\t\t<\/li>\n\t\t\t\t\t\t\t\t<li class=\"elementor-icon-list-item\">\n\t\t\t\t\t\t\t\t\t\t\t<span class=\"elementor-icon-list-icon\">\n\t\t\t\t\t\t\t<svg xmlns=\"http:\/\/www.w3.org\/2000\/svg\" id=\"icons\" height=\"512\" viewBox=\"0 0 24 24\" width=\"512\"><path d=\"m7 21h10a4 4 0 0 0 4-4v-4.85a1 1 0 1 0 -2 0v4.85a2 2 0 0 1 -2 2h-10a2 2 0 0 1 -2-2v-10a2 2 0 0 1 2-2h5a1 1 0 0 0 0-2h-5a4 4 0 0 0 -4 4v10a4 4 0 0 0 4 4z\"><\/path><path d=\"m20.29 4.29-8.29 8.3-3.29-3.3a1 1 0 1 0 -1.42 1.42l4 4a1 1 0 0 0 1.42 0l9-9a1 1 0 1 0 -1.42-1.42z\"><\/path><\/svg>\t\t\t\t\t\t<\/span>\n\t\t\t\t\t\t\t\t\t\t<span class=\"elementor-icon-list-text\"><span data-start=\"1350\" data-end=\"1433\">Proaktive Vorbereitung auf den Jahresabschluss und dessen Pr\u00fcfung<\/span> \u2013 Optimierung von Prozessen und Sicherstellung der Compliance<\/span>\n\t\t\t\t\t\t\t\t\t<\/li>\n\t\t\t\t\t\t<\/ul>\n\t\t\t\t\t\t<\/div>\n\t\t\t\t<\/div>\n\t\t\t\t<\/div>\n\t\t<div class=\"elementor-element elementor-element-65c228c e-con-full e-flex e-con e-child\" data-id=\"65c228c\" data-element_type=\"container\" data-e-type=\"container\">\n\t\t\t\t<div class=\"elementor-element elementor-element-5339805 elementor-widget elementor-widget-image\" data-id=\"5339805\" data-element_type=\"widget\" data-e-type=\"widget\" data-widget_type=\"image.default\">\n\t\t\t\t<div class=\"elementor-widget-container\">\n\t\t\t\t\t\t\t\t\t\t\t\t\t\t\t<img fetchpriority=\"high\" decoding=\"async\" width=\"700\" height=\"500\" src=\"https:\/\/ac-inspire.de\/wp-content\/uploads\/2025\/01\/Finance-and-Accounting-Coaching-second-image.jpg\" class=\"attachment-full size-full wp-image-1307\" alt=\"\" srcset=\"https:\/\/ac-inspire.de\/wp-content\/uploads\/2025\/01\/Finance-and-Accounting-Coaching-second-image.jpg 700w, https:\/\/ac-inspire.de\/wp-content\/uploads\/2025\/01\/Finance-and-Accounting-Coaching-second-image-300x214.jpg 300w\" sizes=\"(max-width: 700px) 100vw, 700px\" \/>\t\t\t\t\t\t\t\t\t\t\t\t\t\t\t<\/div>\n\t\t\t\t<\/div>\n\t\t\t\t<\/div>\n\t\t\t\t\t<\/div>\n\t\t\t\t<\/div>\n\t\t<div class=\"elementor-element elementor-element-02cb124 e-flex e-con-boxed e-con e-parent\" data-id=\"02cb124\" data-element_type=\"container\" data-e-type=\"container\" data-settings=\"{&quot;background_background&quot;:&quot;classic&quot;}\">\n\t\t\t\t\t<div class=\"e-con-inner\">\n\t\t<div class=\"elementor-element elementor-element-bb96e11 e-con-full e-flex e-con e-child\" data-id=\"bb96e11\" data-element_type=\"container\" data-e-type=\"container\">\n\t\t\t\t<div class=\"elementor-element elementor-element-7c4c518 elementor-widget elementor-widget-image\" data-id=\"7c4c518\" data-element_type=\"widget\" data-e-type=\"widget\" data-widget_type=\"image.default\">\n\t\t\t\t<div class=\"elementor-widget-container\">\n\t\t\t\t\t\t\t\t\t\t\t\t\t\t\t<img decoding=\"async\" width=\"2000\" height=\"1333\" src=\"https:\/\/ac-inspire.de\/wp-content\/uploads\/2025\/02\/freepik__adjust__28979.png\" class=\"attachment-full size-full wp-image-2083\" alt=\"\" srcset=\"https:\/\/ac-inspire.de\/wp-content\/uploads\/2025\/02\/freepik__adjust__28979.png 2000w, https:\/\/ac-inspire.de\/wp-content\/uploads\/2025\/02\/freepik__adjust__28979-300x200.png 300w, https:\/\/ac-inspire.de\/wp-content\/uploads\/2025\/02\/freepik__adjust__28979-1024x682.png 1024w, https:\/\/ac-inspire.de\/wp-content\/uploads\/2025\/02\/freepik__adjust__28979-768x512.png 768w, https:\/\/ac-inspire.de\/wp-content\/uploads\/2025\/02\/freepik__adjust__28979-1536x1024.png 1536w\" sizes=\"(max-width: 2000px) 100vw, 2000px\" \/>\t\t\t\t\t\t\t\t\t\t\t\t\t\t\t<\/div>\n\t\t\t\t<\/div>\n\t\t\t\t<\/div>\n\t\t<div class=\"elementor-element elementor-element-65a62b4 e-con-full e-flex e-con e-child\" data-id=\"65a62b4\" data-element_type=\"container\" data-e-type=\"container\">\n\t\t\t\t<div class=\"elementor-element elementor-element-d17b3d9 elementor-widget elementor-widget-heading\" data-id=\"d17b3d9\" data-element_type=\"widget\" data-e-type=\"widget\" data-widget_type=\"heading.default\">\n\t\t\t\t<div class=\"elementor-widget-container\">\n\t\t\t\t\t<h2 class=\"elementor-heading-title elementor-size-default\">Sie ben\u00f6tigen Finanzcoaching, wenn Sie:<\/h2>\t\t\t\t<\/div>\n\t\t\t\t<\/div>\n\t\t\t\t<div class=\"elementor-element elementor-element-05393b6 elementor-align-start elementor-icon-list--layout-traditional elementor-list-item-link-full_width elementor-widget elementor-widget-icon-list\" data-id=\"05393b6\" data-element_type=\"widget\" data-e-type=\"widget\" data-widget_type=\"icon-list.default\">\n\t\t\t\t<div class=\"elementor-widget-container\">\n\t\t\t\t\t\t\t<ul class=\"elementor-icon-list-items\">\n\t\t\t\t\t\t\t<li class=\"elementor-icon-list-item\">\n\t\t\t\t\t\t\t\t\t\t\t<span class=\"elementor-icon-list-icon\">\n\t\t\t\t\t\t\t<svg xmlns=\"http:\/\/www.w3.org\/2000\/svg\" id=\"icons\" height=\"512\" viewBox=\"0 0 24 24\" width=\"512\"><path d=\"m7 21h10a4 4 0 0 0 4-4v-4.85a1 1 0 1 0 -2 0v4.85a2 2 0 0 1 -2 2h-10a2 2 0 0 1 -2-2v-10a2 2 0 0 1 2-2h5a1 1 0 0 0 0-2h-5a4 4 0 0 0 -4 4v10a4 4 0 0 0 4 4z\"><\/path><path d=\"m20.29 4.29-8.29 8.3-3.29-3.3a1 1 0 1 0 -1.42 1.42l4 4a1 1 0 0 0 1.42 0l9-9a1 1 0 1 0 -1.42-1.42z\"><\/path><\/svg>\t\t\t\t\t\t<\/span>\n\t\t\t\t\t\t\t\t\t\t<span class=\"elementor-icon-list-text\">Herausforderungen beim Monatsabschluss und Reporting haben<\/span>\n\t\t\t\t\t\t\t\t\t<\/li>\n\t\t\t\t\t\t\t\t<li class=\"elementor-icon-list-item\">\n\t\t\t\t\t\t\t\t\t\t\t<span class=\"elementor-icon-list-icon\">\n\t\t\t\t\t\t\t<svg xmlns=\"http:\/\/www.w3.org\/2000\/svg\" id=\"icons\" height=\"512\" viewBox=\"0 0 24 24\" width=\"512\"><path d=\"m7 21h10a4 4 0 0 0 4-4v-4.85a1 1 0 1 0 -2 0v4.85a2 2 0 0 1 -2 2h-10a2 2 0 0 1 -2-2v-10a2 2 0 0 1 2-2h5a1 1 0 0 0 0-2h-5a4 4 0 0 0 -4 4v10a4 4 0 0 0 4 4z\"><\/path><path d=\"m20.29 4.29-8.29 8.3-3.29-3.3a1 1 0 1 0 -1.42 1.42l4 4a1 1 0 0 0 1.42 0l9-9a1 1 0 1 0 -1.42-1.42z\"><\/path><\/svg>\t\t\t\t\t\t<\/span>\n\t\t\t\t\t\t\t\t\t\t<span class=\"elementor-icon-list-text\">Mit Prozesseffizienzen aufgrund veralteter Finanzpraktiken k\u00e4mpfen<\/span>\n\t\t\t\t\t\t\t\t\t<\/li>\n\t\t\t\t\t\t\t\t<li class=\"elementor-icon-list-item\">\n\t\t\t\t\t\t\t\t\t\t\t<span class=\"elementor-icon-list-icon\">\n\t\t\t\t\t\t\t<svg xmlns=\"http:\/\/www.w3.org\/2000\/svg\" id=\"icons\" height=\"512\" viewBox=\"0 0 24 24\" width=\"512\"><path d=\"m7 21h10a4 4 0 0 0 4-4v-4.85a1 1 0 1 0 -2 0v4.85a2 2 0 0 1 -2 2h-10a2 2 0 0 1 -2-2v-10a2 2 0 0 1 2-2h5a1 1 0 0 0 0-2h-5a4 4 0 0 0 -4 4v10a4 4 0 0 0 4 4z\"><\/path><path d=\"m20.29 4.29-8.29 8.3-3.29-3.3a1 1 0 1 0 -1.42 1.42l4 4a1 1 0 0 0 1.42 0l9-9a1 1 0 1 0 -1.42-1.42z\"><\/path><\/svg>\t\t\t\t\t\t<\/span>\n\t\t\t\t\t\t\t\t\t\t<span class=\"elementor-icon-list-text\">Schwierigkeiten bei der Kontrolle der Betriebsausgaben (OPEX) oder beim effektiven Cashflow-Management haben<\/span>\n\t\t\t\t\t\t\t\t\t<\/li>\n\t\t\t\t\t\t\t\t<li class=\"elementor-icon-list-item\">\n\t\t\t\t\t\t\t\t\t\t\t<span class=\"elementor-icon-list-icon\">\n\t\t\t\t\t\t\t<svg xmlns=\"http:\/\/www.w3.org\/2000\/svg\" id=\"icons\" height=\"512\" viewBox=\"0 0 24 24\" width=\"512\"><path d=\"m7 21h10a4 4 0 0 0 4-4v-4.85a1 1 0 1 0 -2 0v4.85a2 2 0 0 1 -2 2h-10a2 2 0 0 1 -2-2v-10a2 2 0 0 1 2-2h5a1 1 0 0 0 0-2h-5a4 4 0 0 0 -4 4v10a4 4 0 0 0 4 4z\"><\/path><path d=\"m20.29 4.29-8.29 8.3-3.29-3.3a1 1 0 1 0 -1.42 1.42l4 4a1 1 0 0 0 1.42 0l9-9a1 1 0 1 0 -1.42-1.42z\"><\/path><\/svg>\t\t\t\t\t\t<\/span>\n\t\t\t\t\t\t\t\t\t\t<span class=\"elementor-icon-list-text\">Sich unsicher im Umgang mit Buchhaltung und finanziellen Entscheidungen f\u00fchlen<\/span>\n\t\t\t\t\t\t\t\t\t<\/li>\n\t\t\t\t\t\t\t\t<li class=\"elementor-icon-list-item\">\n\t\t\t\t\t\t\t\t\t\t\t<span class=\"elementor-icon-list-icon\">\n\t\t\t\t\t\t\t<svg xmlns=\"http:\/\/www.w3.org\/2000\/svg\" id=\"icons\" height=\"512\" viewBox=\"0 0 24 24\" width=\"512\"><path d=\"m7 21h10a4 4 0 0 0 4-4v-4.85a1 1 0 1 0 -2 0v4.85a2 2 0 0 1 -2 2h-10a2 2 0 0 1 -2-2v-10a2 2 0 0 1 2-2h5a1 1 0 0 0 0-2h-5a4 4 0 0 0 -4 4v10a4 4 0 0 0 4 4z\"><\/path><path d=\"m20.29 4.29-8.29 8.3-3.29-3.3a1 1 0 1 0 -1.42 1.42l4 4a1 1 0 0 0 1.42 0l9-9a1 1 0 1 0 -1.42-1.42z\"><\/path><\/svg>\t\t\t\t\t\t<\/span>\n\t\t\t\t\t\t\t\t\t\t<span class=\"elementor-icon-list-text\">Probleme mit Zahlungen an Gl\u00e4ubiger oder versp\u00e4teten Forderungseing\u00e4ngen haben<\/span>\n\t\t\t\t\t\t\t\t\t<\/li>\n\t\t\t\t\t\t\t\t<li class=\"elementor-icon-list-item\">\n\t\t\t\t\t\t\t\t\t\t\t<span class=\"elementor-icon-list-icon\">\n\t\t\t\t\t\t\t<svg xmlns=\"http:\/\/www.w3.org\/2000\/svg\" id=\"icons\" height=\"512\" viewBox=\"0 0 24 24\" width=\"512\"><path d=\"m7 21h10a4 4 0 0 0 4-4v-4.85a1 1 0 1 0 -2 0v4.85a2 2 0 0 1 -2 2h-10a2 2 0 0 1 -2-2v-10a2 2 0 0 1 2-2h5a1 1 0 0 0 0-2h-5a4 4 0 0 0 -4 4v10a4 4 0 0 0 4 4z\"><\/path><path d=\"m20.29 4.29-8.29 8.3-3.29-3.3a1 1 0 1 0 -1.42 1.42l4 4a1 1 0 0 0 1.42 0l9-9a1 1 0 1 0 -1.42-1.42z\"><\/path><\/svg>\t\t\t\t\t\t<\/span>\n\t\t\t\t\t\t\t\t\t\t<span class=\"elementor-icon-list-text\">Ihre Budgetierungsstrategien verbessern und neu ausrichten m\u00f6chten, um eine stabilere finanzielle Grundlage zu schaffen<\/span>\n\t\t\t\t\t\t\t\t\t<\/li>\n\t\t\t\t\t\t\t\t<li class=\"elementor-icon-list-item\">\n\t\t\t\t\t\t\t\t\t\t\t<span class=\"elementor-icon-list-icon\">\n\t\t\t\t\t\t\t<svg xmlns=\"http:\/\/www.w3.org\/2000\/svg\" id=\"icons\" height=\"512\" viewBox=\"0 0 24 24\" width=\"512\"><path d=\"m7 21h10a4 4 0 0 0 4-4v-4.85a1 1 0 1 0 -2 0v4.85a2 2 0 0 1 -2 2h-10a2 2 0 0 1 -2-2v-10a2 2 0 0 1 2-2h5a1 1 0 0 0 0-2h-5a4 4 0 0 0 -4 4v10a4 4 0 0 0 4 4z\"><\/path><path d=\"m20.29 4.29-8.29 8.3-3.29-3.3a1 1 0 1 0 -1.42 1.42l4 4a1 1 0 0 0 1.42 0l9-9a1 1 0 1 0 -1.42-1.42z\"><\/path><\/svg>\t\t\t\t\t\t<\/span>\n\t\t\t\t\t\t\t\t\t\t<span class=\"elementor-icon-list-text\">Weitere finanzielle Fragen haben oder eine individuelle Beratung ben\u00f6tigen<\/span>\n\t\t\t\t\t\t\t\t\t<\/li>\n\t\t\t\t\t\t<\/ul>\n\t\t\t\t\t\t<\/div>\n\t\t\t\t<\/div>\n\t\t\t\t<\/div>\n\t\t\t\t\t<\/div>\n\t\t\t\t<\/div>\n\t\t\t\t<section class=\"elementor-section elementor-top-section elementor-element elementor-element-949b9b0 elementor-section-boxed elementor-section-height-default elementor-section-height-default\" data-id=\"949b9b0\" data-element_type=\"section\" data-e-type=\"section\" data-settings=\"{&quot;background_background&quot;:&quot;classic&quot;}\">\n\t\t\t\t\t\t\t<div class=\"elementor-background-overlay\"><\/div>\n\t\t\t\t\t\t\t<div class=\"elementor-container elementor-column-gap-default\">\n\t\t\t\t\t<div class=\"elementor-column elementor-col-66 elementor-top-column elementor-element elementor-element-b5276ee\" data-id=\"b5276ee\" data-element_type=\"column\" data-e-type=\"column\">\n\t\t\t<div class=\"elementor-widget-wrap elementor-element-populated\">\n\t\t\t\t\t\t<div class=\"elementor-element elementor-element-0335784 elementor-widget__width-initial elementor-widget elementor-widget-heading\" data-id=\"0335784\" data-element_type=\"widget\" data-e-type=\"widget\" data-widget_type=\"heading.default\">\n\t\t\t\t<div class=\"elementor-widget-container\">\n\t\t\t\t\t<h2 class=\"elementor-heading-title elementor-size-default\">\u201eIhre Vision, unser Ziel \" <\/h2>\t\t\t\t<\/div>\n\t\t\t\t<\/div>\n\t\t\t\t<div class=\"elementor-element elementor-element-a242d02 elementor-widget elementor-widget-text-editor\" data-id=\"a242d02\" data-element_type=\"widget\" data-e-type=\"widget\" data-widget_type=\"text-editor.default\">\n\t\t\t\t<div class=\"elementor-widget-container\">\n\t\t\t\t\t\t\t\t\t<div class=\"flex-shrink-0 flex flex-col relative items-end\"><div><div class=\"pt-0\"><div class=\"gizmo-bot-avatar flex h-8 w-8 items-center justify-center overflow-hidden rounded-full\"><div class=\"relative p-1 rounded-sm flex items-center justify-center bg-token-main-surface-primary text-token-text-primary h-8 w-8\">Ihre erste Beratung ist kostenlos! Lassen Sie uns gemeinsam smarte L\u00f6sungen entwickeln!<\/div><\/div><\/div><\/div><\/div>\t\t\t\t\t\t\t\t<\/div>\n\t\t\t\t<\/div>\n\t\t\t\t\t<\/div>\n\t\t<\/div>\n\t\t\t\t<div class=\"elementor-column elementor-col-33 elementor-top-column elementor-element elementor-element-6939dd9\" data-id=\"6939dd9\" data-element_type=\"column\" data-e-type=\"column\">\n\t\t\t<div class=\"elementor-widget-wrap elementor-element-populated\">\n\t\t\t\t\t\t<div class=\"elementor-element elementor-element-96212cb elementor-align-right elementor-mobile-align-center elementor-widget elementor-widget-button\" data-id=\"96212cb\" data-element_type=\"widget\" data-e-type=\"widget\" data-widget_type=\"button.default\">\n\t\t\t\t<div class=\"elementor-widget-container\">\n\t\t\t\t\t\t\t\t\t<div class=\"elementor-button-wrapper\">\n\t\t\t\t\t<a class=\"elementor-button elementor-button-link elementor-size-lg\" href=\"https:\/\/ac-inspire.de\/contact\/\">\n\t\t\t\t\t\t<span class=\"elementor-button-content-wrapper\">\n\t\t\t\t\t\t\t\t\t<span class=\"elementor-button-text\">Buchen Sie hier Ihre erste Beratung<\/span>\n\t\t\t\t\t<\/span>\n\t\t\t\t\t<\/a>\n\t\t\t\t<\/div>\n\t\t\t\t\t\t\t\t<\/div>\n\t\t\t\t<\/div>\n\t\t\t\t\t<\/div>\n\t\t<\/div>\n\t\t\t\t\t<\/div>\n\t\t<\/section>\n\t\t\t\t<\/div>\n\t\t","protected":false},"excerpt":{"rendered":"<p>Finanz- und Rechnungswesen-Coaching Home Finanz- und Rechnungswesen-Coaching Finanz-Coaching: Was Wir Tun Verst\u00e4ndnis f\u00fcr die aktuellen Herausforderungen und Ziele Ihres Unternehmens Modernisierung oder Etablierung von Finanzprozessen \u2013 Optimierung und Aktualisierung veralteter Finanzpraktiken durch effizientere und zeitsparende L\u00f6sungen Entwicklung von Kostenreduzierungs- und Wachstumsstrategien \u2013 Ma\u00dfgeschneiderte Beratung zur Kontrolle der Betriebsausgaben (OPEX) und zur Erarbeitung umsetzbarer Ma\u00dfnahmen zur [&hellip;]<\/p>\n","protected":false},"author":1,"featured_media":0,"parent":0,"menu_order":0,"comment_status":"closed","ping_status":"closed","template":"elementor_header_footer","meta":{"footnotes":""},"class_list":["post-1559","page","type-page","status-publish","hentry"],"_links":{"self":[{"href":"https:\/\/ac-inspire.de\/de\/wp-json\/wp\/v2\/pages\/1559","targetHints":{"allow":["GET"]}}],"collection":[{"href":"https:\/\/ac-inspire.de\/de\/wp-json\/wp\/v2\/pages"}],"about":[{"href":"https:\/\/ac-inspire.de\/de\/wp-json\/wp\/v2\/types\/page"}],"author":[{"embeddable":true,"href":"https:\/\/ac-inspire.de\/de\/wp-json\/wp\/v2\/users\/1"}],"replies":[{"embeddable":true,"href":"https:\/\/ac-inspire.de\/de\/wp-json\/wp\/v2\/comments?post=1559"}],"version-history":[{"count":22,"href":"https:\/\/ac-inspire.de\/de\/wp-json\/wp\/v2\/pages\/1559\/revisions"}],"predecessor-version":[{"id":2293,"href":"https:\/\/ac-inspire.de\/de\/wp-json\/wp\/v2\/pages\/1559\/revisions\/2293"}],"wp:attachment":[{"href":"https:\/\/ac-inspire.de\/de\/wp-json\/wp\/v2\/media?parent=1559"}],"curies":[{"name":"wp","href":"https:\/\/api.w.org\/{rel}","templated":true}]}}