{"id":1545,"date":"2023-07-10T05:28:49","date_gmt":"2023-07-10T05:28:49","guid":{"rendered":"https:\/\/urtest.site\/acinspire\/consulting\/"},"modified":"2025-02-12T20:36:36","modified_gmt":"2025-02-12T20:36:36","slug":"consulting","status":"publish","type":"page","link":"https:\/\/ac-inspire.de\/de\/consulting\/","title":{"rendered":"Consulting"},"content":{"rendered":"\t\t<div data-elementor-type=\"wp-page\" data-elementor-id=\"1545\" class=\"elementor elementor-1545 elementor-39\" data-elementor-post-type=\"page\">\n\t\t\t\t<div class=\"elementor-element elementor-element-968dead e-flex e-con-boxed e-con e-parent\" data-id=\"968dead\" data-element_type=\"container\" data-e-type=\"container\" data-settings=\"{&quot;background_background&quot;:&quot;classic&quot;}\">\n\t\t\t\t\t<div class=\"e-con-inner\">\n\t\t\t\t<div class=\"elementor-element elementor-element-7e57a8a elementor-widget elementor-widget-heading\" data-id=\"7e57a8a\" data-element_type=\"widget\" data-e-type=\"widget\" data-widget_type=\"heading.default\">\n\t\t\t\t<div class=\"elementor-widget-container\">\n\t\t\t\t\t<h2 class=\"elementor-heading-title elementor-size-default\">Consulting<\/h2>\t\t\t\t<\/div>\n\t\t\t\t<\/div>\n\t\t\t\t<div class=\"elementor-element elementor-element-a954ec8 elementor-icon-list--layout-inline elementor-align-center elementor-list-item-link-full_width elementor-widget elementor-widget-icon-list\" data-id=\"a954ec8\" data-element_type=\"widget\" data-e-type=\"widget\" data-widget_type=\"icon-list.default\">\n\t\t\t\t<div class=\"elementor-widget-container\">\n\t\t\t\t\t\t\t<ul class=\"elementor-icon-list-items elementor-inline-items\">\n\t\t\t\t\t\t\t<li class=\"elementor-icon-list-item elementor-inline-item\">\n\t\t\t\t\t\t\t\t\t\t\t<a href=\"https:\/\/ac-inspire.de\/de\/\">\n\n\t\t\t\t\t\t\t\t\t\t\t<span class=\"elementor-icon-list-text\">Home<\/span>\n\t\t\t\t\t\t\t\t\t\t\t<\/a>\n\t\t\t\t\t\t\t\t\t<\/li>\n\t\t\t\t\t\t\t\t<li class=\"elementor-icon-list-item elementor-inline-item\">\n\t\t\t\t\t\t\t\t\t\t<span class=\"elementor-icon-list-text\">Consulting<\/span>\n\t\t\t\t\t\t\t\t\t<\/li>\n\t\t\t\t\t\t<\/ul>\n\t\t\t\t\t\t<\/div>\n\t\t\t\t<\/div>\n\t\t\t\t\t<\/div>\n\t\t\t\t<\/div>\n\t\t<div class=\"elementor-element elementor-element-6ca93d8 e-flex e-con-boxed e-con e-parent\" data-id=\"6ca93d8\" data-element_type=\"container\" data-e-type=\"container\">\n\t\t\t\t\t<div class=\"e-con-inner\">\n\t\t<div class=\"elementor-element elementor-element-e1b2208 e-con-full e-flex e-con e-child\" data-id=\"e1b2208\" data-element_type=\"container\" data-e-type=\"container\">\n\t\t\t\t<div class=\"elementor-element elementor-element-6bf8f3c elementor-widget elementor-widget-heading\" data-id=\"6bf8f3c\" data-element_type=\"widget\" data-e-type=\"widget\" data-widget_type=\"heading.default\">\n\t\t\t\t<div class=\"elementor-widget-container\">\n\t\t\t\t\t<h2 class=\"elementor-heading-title elementor-size-default\">Finanzielle Leistungspr\u00fcfung<\/h2>\t\t\t\t<\/div>\n\t\t\t\t<\/div>\n\t\t\t\t<div class=\"elementor-element elementor-element-381d5ec elementor-align-start elementor-icon-list--layout-traditional elementor-list-item-link-full_width elementor-widget elementor-widget-icon-list\" data-id=\"381d5ec\" data-element_type=\"widget\" data-e-type=\"widget\" data-widget_type=\"icon-list.default\">\n\t\t\t\t<div class=\"elementor-widget-container\">\n\t\t\t\t\t\t\t<ul class=\"elementor-icon-list-items\">\n\t\t\t\t\t\t\t<li class=\"elementor-icon-list-item\">\n\t\t\t\t\t\t\t\t\t\t\t<span class=\"elementor-icon-list-icon\">\n\t\t\t\t\t\t\t<svg xmlns=\"http:\/\/www.w3.org\/2000\/svg\" id=\"icons\" height=\"512\" viewBox=\"0 0 24 24\" width=\"512\"><path d=\"m7 21h10a4 4 0 0 0 4-4v-4.85a1 1 0 1 0 -2 0v4.85a2 2 0 0 1 -2 2h-10a2 2 0 0 1 -2-2v-10a2 2 0 0 1 2-2h5a1 1 0 0 0 0-2h-5a4 4 0 0 0 -4 4v10a4 4 0 0 0 4 4z\"><\/path><path d=\"m20.29 4.29-8.29 8.3-3.29-3.3a1 1 0 1 0 -1.42 1.42l4 4a1 1 0 0 0 1.42 0l9-9a1 1 0 1 0 -1.42-1.42z\"><\/path><\/svg>\t\t\t\t\t\t<\/span>\n\t\t\t\t\t\t\t\t\t\t<span class=\"elementor-icon-list-text\">Durchf\u00fchrung von Finanzleistungspr\u00fcfungen \u2013 Bewertung der finanziellen Gesundheit zur Identifikation von St\u00e4rken, Schw\u00e4chen und Verbesserungspotenzialen<\/span>\n\t\t\t\t\t\t\t\t\t<\/li>\n\t\t\t\t\t\t\t\t<li class=\"elementor-icon-list-item\">\n\t\t\t\t\t\t\t\t\t\t\t<span class=\"elementor-icon-list-icon\">\n\t\t\t\t\t\t\t<svg xmlns=\"http:\/\/www.w3.org\/2000\/svg\" id=\"icons\" height=\"512\" viewBox=\"0 0 24 24\" width=\"512\"><path d=\"m7 21h10a4 4 0 0 0 4-4v-4.85a1 1 0 1 0 -2 0v4.85a2 2 0 0 1 -2 2h-10a2 2 0 0 1 -2-2v-10a2 2 0 0 1 2-2h5a1 1 0 0 0 0-2h-5a4 4 0 0 0 -4 4v10a4 4 0 0 0 4 4z\"><\/path><path d=\"m20.29 4.29-8.29 8.3-3.29-3.3a1 1 0 1 0 -1.42 1.42l4 4a1 1 0 0 0 1.42 0l9-9a1 1 0 1 0 -1.42-1.42z\"><\/path><\/svg>\t\t\t\t\t\t<\/span>\n\t\t\t\t\t\t\t\t\t\t<span class=\"elementor-icon-list-text\">Einbindung wichtiger Stakeholder \u2013 Einholen von Erkenntnissen aller relevanten Gruppen f\u00fcr eine umfassende Finanzanalyse<\/span>\n\t\t\t\t\t\t\t\t\t<\/li>\n\t\t\t\t\t\t\t\t<li class=\"elementor-icon-list-item\">\n\t\t\t\t\t\t\t\t\t\t\t<span class=\"elementor-icon-list-icon\">\n\t\t\t\t\t\t\t<svg xmlns=\"http:\/\/www.w3.org\/2000\/svg\" id=\"icons\" height=\"512\" viewBox=\"0 0 24 24\" width=\"512\"><path d=\"m7 21h10a4 4 0 0 0 4-4v-4.85a1 1 0 1 0 -2 0v4.85a2 2 0 0 1 -2 2h-10a2 2 0 0 1 -2-2v-10a2 2 0 0 1 2-2h5a1 1 0 0 0 0-2h-5a4 4 0 0 0 -4 4v10a4 4 0 0 0 4 4z\"><\/path><path d=\"m20.29 4.29-8.29 8.3-3.29-3.3a1 1 0 1 0 -1.42 1.42l4 4a1 1 0 0 0 1.42 0l9-9a1 1 0 1 0 -1.42-1.42z\"><\/path><\/svg>\t\t\t\t\t\t<\/span>\n\t\t\t\t\t\t\t\t\t\t<span class=\"elementor-icon-list-text\">Datenanalyse &amp; Problemidentifikation \u2013 Untersuchung finanzieller Daten zur Erkennung von Herausforderungen und wichtigen Erkenntnissen<\/span>\n\t\t\t\t\t\t\t\t\t<\/li>\n\t\t\t\t\t\t\t\t<li class=\"elementor-icon-list-item\">\n\t\t\t\t\t\t\t\t\t\t\t<span class=\"elementor-icon-list-icon\">\n\t\t\t\t\t\t\t<svg xmlns=\"http:\/\/www.w3.org\/2000\/svg\" id=\"icons\" height=\"512\" viewBox=\"0 0 24 24\" width=\"512\"><path d=\"m7 21h10a4 4 0 0 0 4-4v-4.85a1 1 0 1 0 -2 0v4.85a2 2 0 0 1 -2 2h-10a2 2 0 0 1 -2-2v-10a2 2 0 0 1 2-2h5a1 1 0 0 0 0-2h-5a4 4 0 0 0 -4 4v10a4 4 0 0 0 4 4z\"><\/path><path d=\"m20.29 4.29-8.29 8.3-3.29-3.3a1 1 0 1 0 -1.42 1.42l4 4a1 1 0 0 0 1.42 0l9-9a1 1 0 1 0 -1.42-1.42z\"><\/path><\/svg>\t\t\t\t\t\t<\/span>\n\t\t\t\t\t\t\t\t\t\t<span class=\"elementor-icon-list-text\">Ma\u00dfgeschneiderte L\u00f6sungen \u2013 Strategische Empfehlungen zur Behebung identifizierter finanzieller Probleme auf Anfrage<\/span>\n\t\t\t\t\t\t\t\t\t<\/li>\n\t\t\t\t\t\t\t\t<li class=\"elementor-icon-list-item\">\n\t\t\t\t\t\t\t\t\t\t\t<span class=\"elementor-icon-list-icon\">\n\t\t\t\t\t\t\t<svg xmlns=\"http:\/\/www.w3.org\/2000\/svg\" id=\"icons\" height=\"512\" viewBox=\"0 0 24 24\" width=\"512\"><path d=\"m7 21h10a4 4 0 0 0 4-4v-4.85a1 1 0 1 0 -2 0v4.85a2 2 0 0 1 -2 2h-10a2 2 0 0 1 -2-2v-10a2 2 0 0 1 2-2h5a1 1 0 0 0 0-2h-5a4 4 0 0 0 -4 4v10a4 4 0 0 0 4 4z\"><\/path><path d=\"m20.29 4.29-8.29 8.3-3.29-3.3a1 1 0 1 0 -1.42 1.42l4 4a1 1 0 0 0 1.42 0l9-9a1 1 0 1 0 -1.42-1.42z\"><\/path><\/svg>\t\t\t\t\t\t<\/span>\n\t\t\t\t\t\t\t\t\t\t<span class=\"elementor-icon-list-text\">Projektleitung &amp; Umsetzung \u2013 Zusammenarbeit mit Gesch\u00e4ftspartnern zur effektiven Implementierung von L\u00f6sungen und Sicherstellung optimaler Ergebnisse<\/span>\n\t\t\t\t\t\t\t\t\t<\/li>\n\t\t\t\t\t\t\t\t<li class=\"elementor-icon-list-item\">\n\t\t\t\t\t\t\t\t\t\t\t<span class=\"elementor-icon-list-icon\">\n\t\t\t\t\t\t\t<svg xmlns=\"http:\/\/www.w3.org\/2000\/svg\" id=\"icons\" height=\"512\" viewBox=\"0 0 24 24\" width=\"512\"><path d=\"m7 21h10a4 4 0 0 0 4-4v-4.85a1 1 0 1 0 -2 0v4.85a2 2 0 0 1 -2 2h-10a2 2 0 0 1 -2-2v-10a2 2 0 0 1 2-2h5a1 1 0 0 0 0-2h-5a4 4 0 0 0 -4 4v10a4 4 0 0 0 4 4z\"><\/path><path d=\"m20.29 4.29-8.29 8.3-3.29-3.3a1 1 0 1 0 -1.42 1.42l4 4a1 1 0 0 0 1.42 0l9-9a1 1 0 1 0 -1.42-1.42z\"><\/path><\/svg>\t\t\t\t\t\t<\/span>\n\t\t\t\t\t\t\t\t\t\t<span class=\"elementor-icon-list-text\">Leistungsverfolgung &amp; Optimierung \u2013 \u00dcberwachung finanzieller und operativer Kennzahlen zur Messung der Wirkung und F\u00f6rderung kontinuierlicher Verbesserungen<\/span>\n\t\t\t\t\t\t\t\t\t<\/li>\n\t\t\t\t\t\t<\/ul>\n\t\t\t\t\t\t<\/div>\n\t\t\t\t<\/div>\n\t\t\t\t<\/div>\n\t\t<div class=\"elementor-element elementor-element-f339ac1 e-con-full e-flex e-con e-child\" data-id=\"f339ac1\" data-element_type=\"container\" data-e-type=\"container\">\n\t\t\t\t<div class=\"elementor-element elementor-element-ad450e0 elementor-widget elementor-widget-image\" data-id=\"ad450e0\" data-element_type=\"widget\" data-e-type=\"widget\" data-widget_type=\"image.default\">\n\t\t\t\t<div class=\"elementor-widget-container\">\n\t\t\t\t\t\t\t\t\t\t\t\t\t\t\t<img fetchpriority=\"high\" decoding=\"async\" width=\"700\" height=\"500\" src=\"https:\/\/ac-inspire.de\/wp-content\/uploads\/2025\/01\/Financial-performance-audit.jpg\" class=\"attachment-full size-full wp-image-1190\" alt=\"\" srcset=\"https:\/\/ac-inspire.de\/wp-content\/uploads\/2025\/01\/Financial-performance-audit.jpg 700w, https:\/\/ac-inspire.de\/wp-content\/uploads\/2025\/01\/Financial-performance-audit-300x214.jpg 300w\" sizes=\"(max-width: 700px) 100vw, 700px\" \/>\t\t\t\t\t\t\t\t\t\t\t\t\t\t\t<\/div>\n\t\t\t\t<\/div>\n\t\t\t\t<\/div>\n\t\t\t\t\t<\/div>\n\t\t\t\t<\/div>\n\t\t<div class=\"elementor-element elementor-element-f3189cf e-flex e-con-boxed e-con e-parent\" data-id=\"f3189cf\" data-element_type=\"container\" data-e-type=\"container\" data-settings=\"{&quot;background_background&quot;:&quot;classic&quot;}\">\n\t\t\t\t\t<div class=\"e-con-inner\">\n\t\t<div class=\"elementor-element elementor-element-ac755c2 e-con-full e-flex e-con e-child\" data-id=\"ac755c2\" data-element_type=\"container\" data-e-type=\"container\">\n\t\t\t\t<div class=\"elementor-element elementor-element-3b15eeb elementor-widget elementor-widget-image\" data-id=\"3b15eeb\" data-element_type=\"widget\" data-e-type=\"widget\" data-widget_type=\"image.default\">\n\t\t\t\t<div class=\"elementor-widget-container\">\n\t\t\t\t\t\t\t\t\t\t\t\t\t\t\t<img decoding=\"async\" width=\"700\" height=\"500\" src=\"https:\/\/ac-inspire.de\/wp-content\/uploads\/2025\/01\/Process-optimisation-and-harmonisation.jpg\" class=\"attachment-full size-full wp-image-1195\" alt=\"\" srcset=\"https:\/\/ac-inspire.de\/wp-content\/uploads\/2025\/01\/Process-optimisation-and-harmonisation.jpg 700w, https:\/\/ac-inspire.de\/wp-content\/uploads\/2025\/01\/Process-optimisation-and-harmonisation-300x214.jpg 300w\" sizes=\"(max-width: 700px) 100vw, 700px\" \/>\t\t\t\t\t\t\t\t\t\t\t\t\t\t\t<\/div>\n\t\t\t\t<\/div>\n\t\t\t\t<\/div>\n\t\t<div class=\"elementor-element elementor-element-43db76e e-con-full e-flex e-con e-child\" data-id=\"43db76e\" data-element_type=\"container\" data-e-type=\"container\">\n\t\t\t\t<div class=\"elementor-element elementor-element-44f9b1e elementor-widget elementor-widget-heading\" data-id=\"44f9b1e\" data-element_type=\"widget\" data-e-type=\"widget\" data-widget_type=\"heading.default\">\n\t\t\t\t<div class=\"elementor-widget-container\">\n\t\t\t\t\t<h2 class=\"elementor-heading-title elementor-size-default\">Prozessoptimierung &amp; Standardisierung<\/h2>\t\t\t\t<\/div>\n\t\t\t\t<\/div>\n\t\t\t\t<div class=\"elementor-element elementor-element-03dc3df elementor-align-start elementor-icon-list--layout-traditional elementor-list-item-link-full_width elementor-widget elementor-widget-icon-list\" data-id=\"03dc3df\" data-element_type=\"widget\" data-e-type=\"widget\" data-widget_type=\"icon-list.default\">\n\t\t\t\t<div class=\"elementor-widget-container\">\n\t\t\t\t\t\t\t<ul class=\"elementor-icon-list-items\">\n\t\t\t\t\t\t\t<li class=\"elementor-icon-list-item\">\n\t\t\t\t\t\t\t\t\t\t\t<span class=\"elementor-icon-list-icon\">\n\t\t\t\t\t\t\t<svg xmlns=\"http:\/\/www.w3.org\/2000\/svg\" id=\"icons\" height=\"512\" viewBox=\"0 0 24 24\" width=\"512\"><path d=\"m7 21h10a4 4 0 0 0 4-4v-4.85a1 1 0 1 0 -2 0v4.85a2 2 0 0 1 -2 2h-10a2 2 0 0 1 -2-2v-10a2 2 0 0 1 2-2h5a1 1 0 0 0 0-2h-5a4 4 0 0 0 -4 4v10a4 4 0 0 0 4 4z\"><\/path><path d=\"m20.29 4.29-8.29 8.3-3.29-3.3a1 1 0 1 0 -1.42 1.42l4 4a1 1 0 0 0 1.42 0l9-9a1 1 0 1 0 -1.42-1.42z\"><\/path><\/svg>\t\t\t\t\t\t<\/span>\n\t\t\t\t\t\t\t\t\t\t<span class=\"elementor-icon-list-text\">Entwicklung &amp; Implementierung von SOPs \u2013 Erstellung strukturierter Standardarbeitsanweisungen zur Sicherstellung von Konsistenz und Effizienz<\/span>\n\t\t\t\t\t\t\t\t\t<\/li>\n\t\t\t\t\t\t\t\t<li class=\"elementor-icon-list-item\">\n\t\t\t\t\t\t\t\t\t\t\t<span class=\"elementor-icon-list-icon\">\n\t\t\t\t\t\t\t<svg xmlns=\"http:\/\/www.w3.org\/2000\/svg\" id=\"icons\" height=\"512\" viewBox=\"0 0 24 24\" width=\"512\"><path d=\"m7 21h10a4 4 0 0 0 4-4v-4.85a1 1 0 1 0 -2 0v4.85a2 2 0 0 1 -2 2h-10a2 2 0 0 1 -2-2v-10a2 2 0 0 1 2-2h5a1 1 0 0 0 0-2h-5a4 4 0 0 0 -4 4v10a4 4 0 0 0 4 4z\"><\/path><path d=\"m20.29 4.29-8.29 8.3-3.29-3.3a1 1 0 1 0 -1.42 1.42l4 4a1 1 0 0 0 1.42 0l9-9a1 1 0 1 0 -1.42-1.42z\"><\/path><\/svg>\t\t\t\t\t\t<\/span>\n\t\t\t\t\t\t\t\t\t\t<span class=\"elementor-icon-list-text\">Gestaltung von Prozessflussdiagrammen \u2013 Visualisierung von Arbeitsabl\u00e4ufen f\u00fcr mehr Klarheit, bessere Umsetzung und h\u00f6here Effizienz<\/span>\n\t\t\t\t\t\t\t\t\t<\/li>\n\t\t\t\t\t\t\t\t<li class=\"elementor-icon-list-item\">\n\t\t\t\t\t\t\t\t\t\t\t<span class=\"elementor-icon-list-icon\">\n\t\t\t\t\t\t\t<svg xmlns=\"http:\/\/www.w3.org\/2000\/svg\" id=\"icons\" height=\"512\" viewBox=\"0 0 24 24\" width=\"512\"><path d=\"m7 21h10a4 4 0 0 0 4-4v-4.85a1 1 0 1 0 -2 0v4.85a2 2 0 0 1 -2 2h-10a2 2 0 0 1 -2-2v-10a2 2 0 0 1 2-2h5a1 1 0 0 0 0-2h-5a4 4 0 0 0 -4 4v10a4 4 0 0 0 4 4z\"><\/path><path d=\"m20.29 4.29-8.29 8.3-3.29-3.3a1 1 0 1 0 -1.42 1.42l4 4a1 1 0 0 0 1.42 0l9-9a1 1 0 1 0 -1.42-1.42z\"><\/path><\/svg>\t\t\t\t\t\t<\/span>\n\t\t\t\t\t\t\t\t\t\t<span class=\"elementor-icon-list-text\">Erstellung von Checklisten \u2013 Entwicklung umfassender Checklisten zur Optimierung von Abl\u00e4ufen und Steigerung der Genauigkeit<\/span>\n\t\t\t\t\t\t\t\t\t<\/li>\n\t\t\t\t\t\t\t\t<li class=\"elementor-icon-list-item\">\n\t\t\t\t\t\t\t\t\t\t\t<span class=\"elementor-icon-list-icon\">\n\t\t\t\t\t\t\t<svg xmlns=\"http:\/\/www.w3.org\/2000\/svg\" id=\"icons\" height=\"512\" viewBox=\"0 0 24 24\" width=\"512\"><path d=\"m7 21h10a4 4 0 0 0 4-4v-4.85a1 1 0 1 0 -2 0v4.85a2 2 0 0 1 -2 2h-10a2 2 0 0 1 -2-2v-10a2 2 0 0 1 2-2h5a1 1 0 0 0 0-2h-5a4 4 0 0 0 -4 4v10a4 4 0 0 0 4 4z\"><\/path><path d=\"m20.29 4.29-8.29 8.3-3.29-3.3a1 1 0 1 0 -1.42 1.42l4 4a1 1 0 0 0 1.42 0l9-9a1 1 0 1 0 -1.42-1.42z\"><\/path><\/svg>\t\t\t\t\t\t<\/span>\n\t\t\t\t\t\t\t\t\t\t<span class=\"elementor-icon-list-text\">Festlegung von Delegationsstufen der Entscheidungsbefugnis \u2013 Definition klarer Autorit\u00e4ts- und Verantwortungsbereiche<\/span>\n\t\t\t\t\t\t\t\t\t<\/li>\n\t\t\t\t\t\t<\/ul>\n\t\t\t\t\t\t<\/div>\n\t\t\t\t<\/div>\n\t\t\t\t<\/div>\n\t\t\t\t\t<\/div>\n\t\t\t\t<\/div>\n\t\t\t\t<section class=\"elementor-section elementor-top-section elementor-element elementor-element-4c2b6f9 elementor-section-boxed elementor-section-height-default elementor-section-height-default\" data-id=\"4c2b6f9\" data-element_type=\"section\" data-e-type=\"section\" data-settings=\"{&quot;background_background&quot;:&quot;classic&quot;}\">\n\t\t\t\t\t\t\t<div class=\"elementor-background-overlay\"><\/div>\n\t\t\t\t\t\t\t<div class=\"elementor-container elementor-column-gap-default\">\n\t\t\t\t\t<div class=\"elementor-column elementor-col-66 elementor-top-column elementor-element elementor-element-daa93b1\" data-id=\"daa93b1\" data-element_type=\"column\" data-e-type=\"column\">\n\t\t\t<div class=\"elementor-widget-wrap elementor-element-populated\">\n\t\t\t\t\t\t<div class=\"elementor-element elementor-element-9831221 elementor-widget__width-initial elementor-widget elementor-widget-heading\" data-id=\"9831221\" data-element_type=\"widget\" data-e-type=\"widget\" data-widget_type=\"heading.default\">\n\t\t\t\t<div class=\"elementor-widget-container\">\n\t\t\t\t\t<h2 class=\"elementor-heading-title elementor-size-default\">\u201eIhre Vision, unser Ziel \" <\/h2>\t\t\t\t<\/div>\n\t\t\t\t<\/div>\n\t\t\t\t<div class=\"elementor-element elementor-element-bbd401f elementor-widget elementor-widget-text-editor\" data-id=\"bbd401f\" data-element_type=\"widget\" data-e-type=\"widget\" data-widget_type=\"text-editor.default\">\n\t\t\t\t<div class=\"elementor-widget-container\">\n\t\t\t\t\t\t\t\t\t<div class=\"flex-shrink-0 flex flex-col relative items-end\"><div><div class=\"pt-0\"><div class=\"gizmo-bot-avatar flex h-8 w-8 items-center justify-center overflow-hidden rounded-full\"><div class=\"relative p-1 rounded-sm flex items-center justify-center bg-token-main-surface-primary text-token-text-primary h-8 w-8\">Ihre erste Beratung ist kostenlos! Lassen Sie uns gemeinsam smarte L\u00f6sungen entwickeln!<\/div><\/div><\/div><\/div><\/div>\t\t\t\t\t\t\t\t<\/div>\n\t\t\t\t<\/div>\n\t\t\t\t\t<\/div>\n\t\t<\/div>\n\t\t\t\t<div class=\"elementor-column elementor-col-33 elementor-top-column elementor-element elementor-element-68e3fa9\" data-id=\"68e3fa9\" data-element_type=\"column\" data-e-type=\"column\">\n\t\t\t<div class=\"elementor-widget-wrap elementor-element-populated\">\n\t\t\t\t\t\t<div class=\"elementor-element elementor-element-3916a5d elementor-align-right elementor-mobile-align-center elementor-widget elementor-widget-button\" data-id=\"3916a5d\" data-element_type=\"widget\" data-e-type=\"widget\" data-widget_type=\"button.default\">\n\t\t\t\t<div class=\"elementor-widget-container\">\n\t\t\t\t\t\t\t\t\t<div class=\"elementor-button-wrapper\">\n\t\t\t\t\t<a class=\"elementor-button elementor-button-link elementor-size-lg\" href=\"https:\/\/ac-inspire.de\/contact\/\">\n\t\t\t\t\t\t<span class=\"elementor-button-content-wrapper\">\n\t\t\t\t\t\t\t\t\t<span class=\"elementor-button-text\">Buchen Sie hier Ihre erste Beratung<\/span>\n\t\t\t\t\t<\/span>\n\t\t\t\t\t<\/a>\n\t\t\t\t<\/div>\n\t\t\t\t\t\t\t\t<\/div>\n\t\t\t\t<\/div>\n\t\t\t\t\t<\/div>\n\t\t<\/div>\n\t\t\t\t\t<\/div>\n\t\t<\/section>\n\t\t\t\t<\/div>\n\t\t","protected":false},"excerpt":{"rendered":"<p>Consulting Home Consulting Finanzielle Leistungspr\u00fcfung Durchf\u00fchrung von Finanzleistungspr\u00fcfungen \u2013 Bewertung der finanziellen Gesundheit zur Identifikation von St\u00e4rken, Schw\u00e4chen und Verbesserungspotenzialen Einbindung wichtiger Stakeholder \u2013 Einholen von Erkenntnissen aller relevanten Gruppen f\u00fcr eine umfassende Finanzanalyse Datenanalyse &#038; Problemidentifikation \u2013 Untersuchung finanzieller Daten zur Erkennung von Herausforderungen und wichtigen Erkenntnissen Ma\u00dfgeschneiderte L\u00f6sungen \u2013 Strategische Empfehlungen zur Behebung [&hellip;]<\/p>\n","protected":false},"author":1,"featured_media":0,"parent":0,"menu_order":0,"comment_status":"closed","ping_status":"closed","template":"elementor_header_footer","meta":{"footnotes":""},"class_list":["post-1545","page","type-page","status-publish","hentry"],"_links":{"self":[{"href":"https:\/\/ac-inspire.de\/de\/wp-json\/wp\/v2\/pages\/1545","targetHints":{"allow":["GET"]}}],"collection":[{"href":"https:\/\/ac-inspire.de\/de\/wp-json\/wp\/v2\/pages"}],"about":[{"href":"https:\/\/ac-inspire.de\/de\/wp-json\/wp\/v2\/types\/page"}],"author":[{"embeddable":true,"href":"https:\/\/ac-inspire.de\/de\/wp-json\/wp\/v2\/users\/1"}],"replies":[{"embeddable":true,"href":"https:\/\/ac-inspire.de\/de\/wp-json\/wp\/v2\/comments?post=1545"}],"version-history":[{"count":16,"href":"https:\/\/ac-inspire.de\/de\/wp-json\/wp\/v2\/pages\/1545\/revisions"}],"predecessor-version":[{"id":2276,"href":"https:\/\/ac-inspire.de\/de\/wp-json\/wp\/v2\/pages\/1545\/revisions\/2276"}],"wp:attachment":[{"href":"https:\/\/ac-inspire.de\/de\/wp-json\/wp\/v2\/media?parent=1545"}],"curies":[{"name":"wp","href":"https:\/\/api.w.org\/{rel}","templated":true}]}}