{"id":1533,"date":"2023-07-10T05:30:12","date_gmt":"2023-07-10T05:30:12","guid":{"rendered":"https:\/\/urtest.site\/acinspire\/cfo-as-a-service\/"},"modified":"2025-02-12T22:30:19","modified_gmt":"2025-02-12T22:30:19","slug":"cfo-as-a-service","status":"publish","type":"page","link":"https:\/\/ac-inspire.de\/de\/cfo-as-a-service\/","title":{"rendered":"CFO as a Service"},"content":{"rendered":"\t\t<div data-elementor-type=\"wp-page\" data-elementor-id=\"1533\" class=\"elementor elementor-1533 elementor-43\" data-elementor-post-type=\"page\">\n\t\t\t\t<div class=\"elementor-element elementor-element-29abafa e-flex e-con-boxed e-con e-parent\" data-id=\"29abafa\" data-element_type=\"container\" data-e-type=\"container\" data-settings=\"{&quot;background_background&quot;:&quot;classic&quot;}\">\n\t\t\t\t\t<div class=\"e-con-inner\">\n\t\t\t\t<div class=\"elementor-element elementor-element-13ff25f elementor-widget elementor-widget-heading\" data-id=\"13ff25f\" data-element_type=\"widget\" data-e-type=\"widget\" data-widget_type=\"heading.default\">\n\t\t\t\t<div class=\"elementor-widget-container\">\n\t\t\t\t\t<h2 class=\"elementor-heading-title elementor-size-default\">Externer CFO-Service<\/h2>\t\t\t\t<\/div>\n\t\t\t\t<\/div>\n\t\t\t\t<div class=\"elementor-element elementor-element-ea68165 elementor-icon-list--layout-inline elementor-align-center elementor-list-item-link-full_width elementor-widget elementor-widget-icon-list\" data-id=\"ea68165\" data-element_type=\"widget\" data-e-type=\"widget\" data-widget_type=\"icon-list.default\">\n\t\t\t\t<div class=\"elementor-widget-container\">\n\t\t\t\t\t\t\t<ul class=\"elementor-icon-list-items elementor-inline-items\">\n\t\t\t\t\t\t\t<li class=\"elementor-icon-list-item elementor-inline-item\">\n\t\t\t\t\t\t\t\t\t\t\t<a href=\"https:\/\/ac-inspire.de\/de\/\">\n\n\t\t\t\t\t\t\t\t\t\t\t<span class=\"elementor-icon-list-text\">Home<\/span>\n\t\t\t\t\t\t\t\t\t\t\t<\/a>\n\t\t\t\t\t\t\t\t\t<\/li>\n\t\t\t\t\t\t\t\t<li class=\"elementor-icon-list-item elementor-inline-item\">\n\t\t\t\t\t\t\t\t\t\t<span class=\"elementor-icon-list-text\">Externer CFO-Service<\/span>\n\t\t\t\t\t\t\t\t\t<\/li>\n\t\t\t\t\t\t<\/ul>\n\t\t\t\t\t\t<\/div>\n\t\t\t\t<\/div>\n\t\t\t\t\t<\/div>\n\t\t\t\t<\/div>\n\t\t<div class=\"elementor-element elementor-element-9e2c170 e-flex e-con-boxed e-con e-parent\" data-id=\"9e2c170\" data-element_type=\"container\" data-e-type=\"container\">\n\t\t\t\t\t<div class=\"e-con-inner\">\n\t\t<div class=\"elementor-element elementor-element-7951e05 e-con-full e-flex e-con e-child\" data-id=\"7951e05\" data-element_type=\"container\" data-e-type=\"container\">\n\t\t\t\t<div class=\"elementor-element elementor-element-dfb92ce elementor-widget elementor-widget-heading\" data-id=\"dfb92ce\" data-element_type=\"widget\" data-e-type=\"widget\" data-widget_type=\"heading.default\">\n\t\t\t\t<div class=\"elementor-widget-container\">\n\t\t\t\t\t<h2 class=\"elementor-heading-title elementor-size-default\">CFO als Service: Hauptangebote<\/h2>\t\t\t\t<\/div>\n\t\t\t\t<\/div>\n\t\t\t\t<div class=\"elementor-element elementor-element-7309c5a elementor-align-start elementor-icon-list--layout-traditional elementor-list-item-link-full_width elementor-widget elementor-widget-icon-list\" data-id=\"7309c5a\" data-element_type=\"widget\" data-e-type=\"widget\" data-widget_type=\"icon-list.default\">\n\t\t\t\t<div class=\"elementor-widget-container\">\n\t\t\t\t\t\t\t<ul class=\"elementor-icon-list-items\">\n\t\t\t\t\t\t\t<li class=\"elementor-icon-list-item\">\n\t\t\t\t\t\t\t\t\t\t\t<span class=\"elementor-icon-list-icon\">\n\t\t\t\t\t\t\t<svg xmlns=\"http:\/\/www.w3.org\/2000\/svg\" id=\"icons\" height=\"512\" viewBox=\"0 0 24 24\" width=\"512\"><path d=\"m7 21h10a4 4 0 0 0 4-4v-4.85a1 1 0 1 0 -2 0v4.85a2 2 0 0 1 -2 2h-10a2 2 0 0 1 -2-2v-10a2 2 0 0 1 2-2h5a1 1 0 0 0 0-2h-5a4 4 0 0 0 -4 4v10a4 4 0 0 0 4 4z\"><\/path><path d=\"m20.29 4.29-8.29 8.3-3.29-3.3a1 1 0 1 0 -1.42 1.42l4 4a1 1 0 0 0 1.42 0l9-9a1 1 0 1 0 -1.42-1.42z\"><\/path><\/svg>\t\t\t\t\t\t<\/span>\n\t\t\t\t\t\t\t\t\t\t<span class=\"elementor-icon-list-text\">Strategische Finanzberatung \u2013 Expertenberatung f\u00fcr Finanzplanung und langfristige Ziele, um Wachstum und Rentabilit\u00e4t zu steigern<\/span>\n\t\t\t\t\t\t\t\t\t<\/li>\n\t\t\t\t\t\t\t\t<li class=\"elementor-icon-list-item\">\n\t\t\t\t\t\t\t\t\t\t\t<span class=\"elementor-icon-list-icon\">\n\t\t\t\t\t\t\t<svg xmlns=\"http:\/\/www.w3.org\/2000\/svg\" id=\"icons\" height=\"512\" viewBox=\"0 0 24 24\" width=\"512\"><path d=\"m7 21h10a4 4 0 0 0 4-4v-4.85a1 1 0 1 0 -2 0v4.85a2 2 0 0 1 -2 2h-10a2 2 0 0 1 -2-2v-10a2 2 0 0 1 2-2h5a1 1 0 0 0 0-2h-5a4 4 0 0 0 -4 4v10a4 4 0 0 0 4 4z\"><\/path><path d=\"m20.29 4.29-8.29 8.3-3.29-3.3a1 1 0 1 0 -1.42 1.42l4 4a1 1 0 0 0 1.42 0l9-9a1 1 0 1 0 -1.42-1.42z\"><\/path><\/svg>\t\t\t\t\t\t<\/span>\n\t\t\t\t\t\t\t\t\t\t<span class=\"elementor-icon-list-text\">Cashflow- &amp; Risikomanagement \u2013 Sicherstellung eines gesunden Cashflows und Risikominderung, damit Sie sich auf Ihr Gesch\u00e4ft konzentrieren k\u00f6nnen<\/span>\n\t\t\t\t\t\t\t\t\t<\/li>\n\t\t\t\t\t\t\t\t<li class=\"elementor-icon-list-item\">\n\t\t\t\t\t\t\t\t\t\t\t<span class=\"elementor-icon-list-icon\">\n\t\t\t\t\t\t\t<svg xmlns=\"http:\/\/www.w3.org\/2000\/svg\" id=\"icons\" height=\"512\" viewBox=\"0 0 24 24\" width=\"512\"><path d=\"m7 21h10a4 4 0 0 0 4-4v-4.85a1 1 0 1 0 -2 0v4.85a2 2 0 0 1 -2 2h-10a2 2 0 0 1 -2-2v-10a2 2 0 0 1 2-2h5a1 1 0 0 0 0-2h-5a4 4 0 0 0 -4 4v10a4 4 0 0 0 4 4z\"><\/path><path d=\"m20.29 4.29-8.29 8.3-3.29-3.3a1 1 0 1 0 -1.42 1.42l4 4a1 1 0 0 0 1.42 0l9-9a1 1 0 1 0 -1.42-1.42z\"><\/path><\/svg>\t\t\t\t\t\t<\/span>\n\t\t\t\t\t\t\t\t\t\t<span class=\"elementor-icon-list-text\">Umfassende Finanzberichterstattung \u2013 Pr\u00e4zise, zeitnahe Finanzberichte und Analysen f\u00fcr fundierte, datengest\u00fctzte Entscheidungen<\/span>\n\t\t\t\t\t\t\t\t\t<\/li>\n\t\t\t\t\t\t\t\t<li class=\"elementor-icon-list-item\">\n\t\t\t\t\t\t\t\t\t\t\t<span class=\"elementor-icon-list-icon\">\n\t\t\t\t\t\t\t<svg xmlns=\"http:\/\/www.w3.org\/2000\/svg\" id=\"icons\" height=\"512\" viewBox=\"0 0 24 24\" width=\"512\"><path d=\"m7 21h10a4 4 0 0 0 4-4v-4.85a1 1 0 1 0 -2 0v4.85a2 2 0 0 1 -2 2h-10a2 2 0 0 1 -2-2v-10a2 2 0 0 1 2-2h5a1 1 0 0 0 0-2h-5a4 4 0 0 0 -4 4v10a4 4 0 0 0 4 4z\"><\/path><path d=\"m20.29 4.29-8.29 8.3-3.29-3.3a1 1 0 1 0 -1.42 1.42l4 4a1 1 0 0 0 1.42 0l9-9a1 1 0 1 0 -1.42-1.42z\"><\/path><\/svg>\t\t\t\t\t\t<\/span>\n\t\t\t\t\t\t\t\t\t\t<span class=\"elementor-icon-list-text\">Kostenoptimierung &amp; Effizienz \u2013 Unterst\u00fctzung bei der Kostenoptimierung und Finanzoperationen zur Maximierung der Rentabilit\u00e4t und Reinvestition<\/span>\n\t\t\t\t\t\t\t\t\t<\/li>\n\t\t\t\t\t\t\t\t<li class=\"elementor-icon-list-item\">\n\t\t\t\t\t\t\t\t\t\t\t<span class=\"elementor-icon-list-icon\">\n\t\t\t\t\t\t\t<svg xmlns=\"http:\/\/www.w3.org\/2000\/svg\" id=\"icons\" height=\"512\" viewBox=\"0 0 24 24\" width=\"512\"><path d=\"m7 21h10a4 4 0 0 0 4-4v-4.85a1 1 0 1 0 -2 0v4.85a2 2 0 0 1 -2 2h-10a2 2 0 0 1 -2-2v-10a2 2 0 0 1 2-2h5a1 1 0 0 0 0-2h-5a4 4 0 0 0 -4 4v10a4 4 0 0 0 4 4z\"><\/path><path d=\"m20.29 4.29-8.29 8.3-3.29-3.3a1 1 0 1 0 -1.42 1.42l4 4a1 1 0 0 0 1.42 0l9-9a1 1 0 1 0 -1.42-1.42z\"><\/path><\/svg>\t\t\t\t\t\t<\/span>\n\t\t\t\t\t\t\t\t\t\t<span class=\"elementor-icon-list-text\">Investor Relations &amp; Wachstumsunterst\u00fctzung \u2013 Unterst\u00fctzung bei der Mittelbeschaffung, Verwaltung der Beziehungen zu Investoren und Beratung bei M&amp;A-Prozessen<\/span>\n\t\t\t\t\t\t\t\t\t<\/li>\n\t\t\t\t\t\t<\/ul>\n\t\t\t\t\t\t<\/div>\n\t\t\t\t<\/div>\n\t\t\t\t<\/div>\n\t\t<div class=\"elementor-element elementor-element-b27646a e-con-full e-flex e-con e-child\" data-id=\"b27646a\" data-element_type=\"container\" data-e-type=\"container\">\n\t\t\t\t<div class=\"elementor-element elementor-element-ec8acf8 elementor-widget elementor-widget-image\" data-id=\"ec8acf8\" data-element_type=\"widget\" data-e-type=\"widget\" data-widget_type=\"image.default\">\n\t\t\t\t<div class=\"elementor-widget-container\">\n\t\t\t\t\t\t\t\t\t\t\t\t\t\t\t<img fetchpriority=\"high\" decoding=\"async\" width=\"700\" height=\"500\" src=\"https:\/\/ac-inspire.de\/wp-content\/uploads\/2025\/01\/cfo-first-image.jpg\" class=\"attachment-full size-full wp-image-1344\" alt=\"\" srcset=\"https:\/\/ac-inspire.de\/wp-content\/uploads\/2025\/01\/cfo-first-image.jpg 700w, https:\/\/ac-inspire.de\/wp-content\/uploads\/2025\/01\/cfo-first-image-300x214.jpg 300w\" sizes=\"(max-width: 700px) 100vw, 700px\" \/>\t\t\t\t\t\t\t\t\t\t\t\t\t\t\t<\/div>\n\t\t\t\t<\/div>\n\t\t\t\t<\/div>\n\t\t\t\t\t<\/div>\n\t\t\t\t<\/div>\n\t\t<div class=\"elementor-element elementor-element-f3a9b2e e-flex e-con-boxed e-con e-parent\" data-id=\"f3a9b2e\" data-element_type=\"container\" data-e-type=\"container\" data-settings=\"{&quot;background_background&quot;:&quot;classic&quot;}\">\n\t\t\t\t\t<div class=\"e-con-inner\">\n\t\t<div class=\"elementor-element elementor-element-034b8b3 e-con-full e-flex e-con e-child\" data-id=\"034b8b3\" data-element_type=\"container\" data-e-type=\"container\">\n\t\t\t\t<div class=\"elementor-element elementor-element-acbcbb3 elementor-widget elementor-widget-image\" data-id=\"acbcbb3\" data-element_type=\"widget\" data-e-type=\"widget\" data-widget_type=\"image.default\">\n\t\t\t\t<div class=\"elementor-widget-container\">\n\t\t\t\t\t\t\t\t\t\t\t\t\t\t\t<img decoding=\"async\" width=\"700\" height=\"500\" src=\"https:\/\/ac-inspire.de\/wp-content\/uploads\/2025\/01\/cfo-second.jpg\" class=\"attachment-full size-full wp-image-1349\" alt=\"\" srcset=\"https:\/\/ac-inspire.de\/wp-content\/uploads\/2025\/01\/cfo-second.jpg 700w, https:\/\/ac-inspire.de\/wp-content\/uploads\/2025\/01\/cfo-second-300x214.jpg 300w\" sizes=\"(max-width: 700px) 100vw, 700px\" \/>\t\t\t\t\t\t\t\t\t\t\t\t\t\t\t<\/div>\n\t\t\t\t<\/div>\n\t\t\t\t<\/div>\n\t\t<div class=\"elementor-element elementor-element-00ea65b e-con-full e-flex e-con e-child\" data-id=\"00ea65b\" data-element_type=\"container\" data-e-type=\"container\">\n\t\t\t\t<div class=\"elementor-element elementor-element-46ac9d3 elementor-widget elementor-widget-heading\" data-id=\"46ac9d3\" data-element_type=\"widget\" data-e-type=\"widget\" data-widget_type=\"heading.default\">\n\t\t\t\t<div class=\"elementor-widget-container\">\n\t\t\t\t\t<h2 class=\"elementor-heading-title elementor-size-default\">Wer k\u00f6nnte vom CFO-Service profitieren?<\/h2>\t\t\t\t<\/div>\n\t\t\t\t<\/div>\n\t\t\t\t<div class=\"elementor-element elementor-element-70dd733 elementor-align-start elementor-icon-list--layout-traditional elementor-list-item-link-full_width elementor-widget elementor-widget-icon-list\" data-id=\"70dd733\" data-element_type=\"widget\" data-e-type=\"widget\" data-widget_type=\"icon-list.default\">\n\t\t\t\t<div class=\"elementor-widget-container\">\n\t\t\t\t\t\t\t<ul class=\"elementor-icon-list-items\">\n\t\t\t\t\t\t\t<li class=\"elementor-icon-list-item\">\n\t\t\t\t\t\t\t\t\t\t\t<span class=\"elementor-icon-list-icon\">\n\t\t\t\t\t\t\t<svg xmlns=\"http:\/\/www.w3.org\/2000\/svg\" id=\"icons\" height=\"512\" viewBox=\"0 0 24 24\" width=\"512\"><path d=\"m7 21h10a4 4 0 0 0 4-4v-4.85a1 1 0 1 0 -2 0v4.85a2 2 0 0 1 -2 2h-10a2 2 0 0 1 -2-2v-10a2 2 0 0 1 2-2h5a1 1 0 0 0 0-2h-5a4 4 0 0 0 -4 4v10a4 4 0 0 0 4 4z\"><\/path><path d=\"m20.29 4.29-8.29 8.3-3.29-3.3a1 1 0 1 0 -1.42 1.42l4 4a1 1 0 0 0 1.42 0l9-9a1 1 0 1 0 -1.42-1.42z\"><\/path><\/svg>\t\t\t\t\t\t<\/span>\n\t\t\t\t\t\t\t\t\t\t<span class=\"elementor-icon-list-text\">Startups &amp; kleine Unternehmen \u2013 ben\u00f6tigen hochqualifizierte Finanzexpertise ohne die Kosten eines Vollzeit-CFOs tragen zu m\u00fcssen<\/span>\n\t\t\t\t\t\t\t\t\t<\/li>\n\t\t\t\t\t\t\t\t<li class=\"elementor-icon-list-item\">\n\t\t\t\t\t\t\t\t\t\t\t<span class=\"elementor-icon-list-icon\">\n\t\t\t\t\t\t\t<svg xmlns=\"http:\/\/www.w3.org\/2000\/svg\" id=\"icons\" height=\"512\" viewBox=\"0 0 24 24\" width=\"512\"><path d=\"m7 21h10a4 4 0 0 0 4-4v-4.85a1 1 0 1 0 -2 0v4.85a2 2 0 0 1 -2 2h-10a2 2 0 0 1 -2-2v-10a2 2 0 0 1 2-2h5a1 1 0 0 0 0-2h-5a4 4 0 0 0 -4 4v10a4 4 0 0 0 4 4z\"><\/path><path d=\"m20.29 4.29-8.29 8.3-3.29-3.3a1 1 0 1 0 -1.42 1.42l4 4a1 1 0 0 0 1.42 0l9-9a1 1 0 1 0 -1.42-1.42z\"><\/path><\/svg>\t\t\t\t\t\t<\/span>\n\t\t\t\t\t\t\t\t\t\t<span class=\"elementor-icon-list-text\">Wachsende Unternehmen \u2013 brauchen strategische Finanzberatung zur Verwaltung von Wachstum, Cashflow und Rentabilit\u00e4t<\/span>\n\t\t\t\t\t\t\t\t\t<\/li>\n\t\t\t\t\t\t\t\t<li class=\"elementor-icon-list-item\">\n\t\t\t\t\t\t\t\t\t\t\t<span class=\"elementor-icon-list-icon\">\n\t\t\t\t\t\t\t<svg xmlns=\"http:\/\/www.w3.org\/2000\/svg\" id=\"icons\" height=\"512\" viewBox=\"0 0 24 24\" width=\"512\"><path d=\"m7 21h10a4 4 0 0 0 4-4v-4.85a1 1 0 1 0 -2 0v4.85a2 2 0 0 1 -2 2h-10a2 2 0 0 1 -2-2v-10a2 2 0 0 1 2-2h5a1 1 0 0 0 0-2h-5a4 4 0 0 0 -4 4v10a4 4 0 0 0 4 4z\"><\/path><path d=\"m20.29 4.29-8.29 8.3-3.29-3.3a1 1 0 1 0 -1.42 1.42l4 4a1 1 0 0 0 1.42 0l9-9a1 1 0 1 0 -1.42-1.42z\"><\/path><\/svg>\t\t\t\t\t\t<\/span>\n\t\t\t\t\t\t\t\t\t\t<span class=\"elementor-icon-list-text\">Investmentgesellschaften \u2013 suchen nach besserer Finanzf\u00fchrung und Reporting f\u00fcr Portfoliounternehmen<\/span>\n\t\t\t\t\t\t\t\t\t<\/li>\n\t\t\t\t\t\t\t\t<li class=\"elementor-icon-list-item\">\n\t\t\t\t\t\t\t\t\t\t\t<span class=\"elementor-icon-list-icon\">\n\t\t\t\t\t\t\t<svg xmlns=\"http:\/\/www.w3.org\/2000\/svg\" id=\"icons\" height=\"512\" viewBox=\"0 0 24 24\" width=\"512\"><path d=\"m7 21h10a4 4 0 0 0 4-4v-4.85a1 1 0 1 0 -2 0v4.85a2 2 0 0 1 -2 2h-10a2 2 0 0 1 -2-2v-10a2 2 0 0 1 2-2h5a1 1 0 0 0 0-2h-5a4 4 0 0 0 -4 4v10a4 4 0 0 0 4 4z\"><\/path><path d=\"m20.29 4.29-8.29 8.3-3.29-3.3a1 1 0 1 0 -1.42 1.42l4 4a1 1 0 0 0 1.42 0l9-9a1 1 0 1 0 -1.42-1.42z\"><\/path><\/svg>\t\t\t\t\t\t<\/span>\n\t\t\t\t\t\t\t\t\t\t<span class=\"elementor-icon-list-text\">Non-Profit-Organisationen &amp; Wohlt\u00e4tigkeitsorganisationen \u2013 ben\u00f6tigen Strategien, Budgetierung und Planung ohne einen Vollzeit-CFO im eigenen Unternehmen besch\u00e4ftigen zu m\u00fcssen<\/span>\n\t\t\t\t\t\t\t\t\t<\/li>\n\t\t\t\t\t\t\t\t<li class=\"elementor-icon-list-item\">\n\t\t\t\t\t\t\t\t\t\t\t<span class=\"elementor-icon-list-icon\">\n\t\t\t\t\t\t\t<svg xmlns=\"http:\/\/www.w3.org\/2000\/svg\" id=\"icons\" height=\"512\" viewBox=\"0 0 24 24\" width=\"512\"><path d=\"m7 21h10a4 4 0 0 0 4-4v-4.85a1 1 0 1 0 -2 0v4.85a2 2 0 0 1 -2 2h-10a2 2 0 0 1 -2-2v-10a2 2 0 0 1 2-2h5a1 1 0 0 0 0-2h-5a4 4 0 0 0 -4 4v10a4 4 0 0 0 4 4z\"><\/path><path d=\"m20.29 4.29-8.29 8.3-3.29-3.3a1 1 0 1 0 -1.42 1.42l4 4a1 1 0 0 0 1.42 0l9-9a1 1 0 1 0 -1.42-1.42z\"><\/path><\/svg>\t\t\t\t\t\t<\/span>\n\t\t\t\t\t\t\t\t\t\t<span class=\"elementor-icon-list-text\">Unternehmen in der Umstrukturierung \u2013 erfordern ein  fachkundiges Finanzmanagement w\u00e4hrend Fusionen, \u00dcbernahmen oder Umstrukturierungen<\/span>\n\t\t\t\t\t\t\t\t\t<\/li>\n\t\t\t\t\t\t<\/ul>\n\t\t\t\t\t\t<\/div>\n\t\t\t\t<\/div>\n\t\t\t\t<\/div>\n\t\t\t\t\t<\/div>\n\t\t\t\t<\/div>\n\t\t\t\t<section class=\"elementor-section elementor-top-section elementor-element elementor-element-e8b2a10 elementor-section-boxed elementor-section-height-default elementor-section-height-default\" data-id=\"e8b2a10\" data-element_type=\"section\" data-e-type=\"section\" data-settings=\"{&quot;background_background&quot;:&quot;classic&quot;}\">\n\t\t\t\t\t\t\t<div class=\"elementor-background-overlay\"><\/div>\n\t\t\t\t\t\t\t<div class=\"elementor-container elementor-column-gap-default\">\n\t\t\t\t\t<div class=\"elementor-column elementor-col-66 elementor-top-column elementor-element elementor-element-c92d002\" data-id=\"c92d002\" data-element_type=\"column\" data-e-type=\"column\">\n\t\t\t<div class=\"elementor-widget-wrap elementor-element-populated\">\n\t\t\t\t\t\t<div class=\"elementor-element elementor-element-6d17649 elementor-widget__width-initial elementor-widget elementor-widget-heading\" data-id=\"6d17649\" data-element_type=\"widget\" data-e-type=\"widget\" data-widget_type=\"heading.default\">\n\t\t\t\t<div class=\"elementor-widget-container\">\n\t\t\t\t\t<h2 class=\"elementor-heading-title elementor-size-default\">\u201eIhre Vision, unser Ziel \" <\/h2>\t\t\t\t<\/div>\n\t\t\t\t<\/div>\n\t\t\t\t<div class=\"elementor-element elementor-element-dd6afcf elementor-widget elementor-widget-text-editor\" data-id=\"dd6afcf\" data-element_type=\"widget\" data-e-type=\"widget\" data-widget_type=\"text-editor.default\">\n\t\t\t\t<div class=\"elementor-widget-container\">\n\t\t\t\t\t\t\t\t\t<div class=\"flex-shrink-0 flex flex-col relative items-end\"><div><div class=\"pt-0\"><div class=\"gizmo-bot-avatar flex h-8 w-8 items-center justify-center overflow-hidden rounded-full\"><div class=\"relative p-1 rounded-sm flex items-center justify-center bg-token-main-surface-primary text-token-text-primary h-8 w-8\">Ihre erste Beratung ist kostenlos! Lassen Sie uns gemeinsam smarte L\u00f6sungen entwickeln!<\/div><\/div><\/div><\/div><\/div>\t\t\t\t\t\t\t\t<\/div>\n\t\t\t\t<\/div>\n\t\t\t\t\t<\/div>\n\t\t<\/div>\n\t\t\t\t<div class=\"elementor-column elementor-col-33 elementor-top-column elementor-element elementor-element-8d42987\" data-id=\"8d42987\" data-element_type=\"column\" data-e-type=\"column\">\n\t\t\t<div class=\"elementor-widget-wrap elementor-element-populated\">\n\t\t\t\t\t\t<div class=\"elementor-element elementor-element-57e6620 elementor-align-right elementor-mobile-align-center elementor-widget elementor-widget-button\" data-id=\"57e6620\" data-element_type=\"widget\" data-e-type=\"widget\" data-widget_type=\"button.default\">\n\t\t\t\t<div class=\"elementor-widget-container\">\n\t\t\t\t\t\t\t\t\t<div class=\"elementor-button-wrapper\">\n\t\t\t\t\t<a class=\"elementor-button elementor-button-link elementor-size-lg\" href=\"https:\/\/ac-inspire.de\/contact\/\">\n\t\t\t\t\t\t<span class=\"elementor-button-content-wrapper\">\n\t\t\t\t\t\t\t\t\t<span class=\"elementor-button-text\">Buchen Sie hier Ihre erste Beratung<\/span>\n\t\t\t\t\t<\/span>\n\t\t\t\t\t<\/a>\n\t\t\t\t<\/div>\n\t\t\t\t\t\t\t\t<\/div>\n\t\t\t\t<\/div>\n\t\t\t\t\t<\/div>\n\t\t<\/div>\n\t\t\t\t\t<\/div>\n\t\t<\/section>\n\t\t\t\t<\/div>\n\t\t","protected":false},"excerpt":{"rendered":"<p>Externer CFO-Service Home Externer CFO-Service CFO als Service: Hauptangebote Strategische Finanzberatung \u2013 Expertenberatung f\u00fcr Finanzplanung und langfristige Ziele, um Wachstum und Rentabilit\u00e4t zu steigern Cashflow- &amp; Risikomanagement \u2013 Sicherstellung eines gesunden Cashflows und Risikominderung, damit Sie sich auf Ihr Gesch\u00e4ft konzentrieren k\u00f6nnen Umfassende Finanzberichterstattung \u2013 Pr\u00e4zise, zeitnahe Finanzberichte und Analysen f\u00fcr fundierte, datengest\u00fctzte Entscheidungen Kostenoptimierung [&hellip;]<\/p>\n","protected":false},"author":1,"featured_media":0,"parent":0,"menu_order":0,"comment_status":"closed","ping_status":"closed","template":"elementor_header_footer","meta":{"footnotes":""},"class_list":["post-1533","page","type-page","status-publish","hentry"],"_links":{"self":[{"href":"https:\/\/ac-inspire.de\/de\/wp-json\/wp\/v2\/pages\/1533","targetHints":{"allow":["GET"]}}],"collection":[{"href":"https:\/\/ac-inspire.de\/de\/wp-json\/wp\/v2\/pages"}],"about":[{"href":"https:\/\/ac-inspire.de\/de\/wp-json\/wp\/v2\/types\/page"}],"author":[{"embeddable":true,"href":"https:\/\/ac-inspire.de\/de\/wp-json\/wp\/v2\/users\/1"}],"replies":[{"embeddable":true,"href":"https:\/\/ac-inspire.de\/de\/wp-json\/wp\/v2\/comments?post=1533"}],"version-history":[{"count":27,"href":"https:\/\/ac-inspire.de\/de\/wp-json\/wp\/v2\/pages\/1533\/revisions"}],"predecessor-version":[{"id":2307,"href":"https:\/\/ac-inspire.de\/de\/wp-json\/wp\/v2\/pages\/1533\/revisions\/2307"}],"wp:attachment":[{"href":"https:\/\/ac-inspire.de\/de\/wp-json\/wp\/v2\/media?parent=1533"}],"curies":[{"name":"wp","href":"https:\/\/api.w.org\/{rel}","templated":true}]}}