{"id":1523,"date":"2023-07-10T05:20:49","date_gmt":"2023-07-10T05:20:49","guid":{"rendered":"https:\/\/urtest.site\/acinspire\/about\/"},"modified":"2025-02-11T07:30:58","modified_gmt":"2025-02-11T07:30:58","slug":"about","status":"publish","type":"page","link":"https:\/\/ac-inspire.de\/de\/about\/","title":{"rendered":"About"},"content":{"rendered":"\t\t<div data-elementor-type=\"wp-page\" data-elementor-id=\"1523\" class=\"elementor elementor-1523 elementor-12\" data-elementor-post-type=\"page\">\n\t\t\t\t<div class=\"elementor-element elementor-element-3f93651 e-flex e-con-boxed e-con e-parent\" data-id=\"3f93651\" data-element_type=\"container\" data-e-type=\"container\" data-settings=\"{&quot;background_background&quot;:&quot;classic&quot;}\">\n\t\t\t\t\t<div class=\"e-con-inner\">\n\t\t\t\t<div class=\"elementor-element elementor-element-cf4308c elementor-widget elementor-widget-heading\" data-id=\"cf4308c\" data-element_type=\"widget\" data-e-type=\"widget\" data-widget_type=\"heading.default\">\n\t\t\t\t<div class=\"elementor-widget-container\">\n\t\t\t\t\t<h2 class=\"elementor-heading-title elementor-size-default\">\u00dcber uns<\/h2>\t\t\t\t<\/div>\n\t\t\t\t<\/div>\n\t\t\t\t<div class=\"elementor-element elementor-element-69ab821 elementor-icon-list--layout-inline elementor-align-center elementor-list-item-link-full_width elementor-widget elementor-widget-icon-list\" data-id=\"69ab821\" data-element_type=\"widget\" data-e-type=\"widget\" data-widget_type=\"icon-list.default\">\n\t\t\t\t<div class=\"elementor-widget-container\">\n\t\t\t\t\t\t\t<ul class=\"elementor-icon-list-items elementor-inline-items\">\n\t\t\t\t\t\t\t<li class=\"elementor-icon-list-item elementor-inline-item\">\n\t\t\t\t\t\t\t\t\t\t\t<a href=\"https:\/\/ac-inspire.de\/de\/\">\n\n\t\t\t\t\t\t\t\t\t\t\t<span class=\"elementor-icon-list-text\">Home<\/span>\n\t\t\t\t\t\t\t\t\t\t\t<\/a>\n\t\t\t\t\t\t\t\t\t<\/li>\n\t\t\t\t\t\t\t\t<li class=\"elementor-icon-list-item elementor-inline-item\">\n\t\t\t\t\t\t\t\t\t\t<span class=\"elementor-icon-list-text\">\u00dcber uns<\/span>\n\t\t\t\t\t\t\t\t\t<\/li>\n\t\t\t\t\t\t<\/ul>\n\t\t\t\t\t\t<\/div>\n\t\t\t\t<\/div>\n\t\t\t\t\t<\/div>\n\t\t\t\t<\/div>\n\t\t<div class=\"elementor-element elementor-element-b52c9f2 e-flex e-con-boxed e-con e-parent\" data-id=\"b52c9f2\" data-element_type=\"container\" data-e-type=\"container\">\n\t\t\t\t\t<div class=\"e-con-inner\">\n\t\t<div class=\"elementor-element elementor-element-1a90523 e-con-full e-flex e-con e-child\" data-id=\"1a90523\" data-element_type=\"container\" data-e-type=\"container\">\n\t\t\t\t<div class=\"elementor-element elementor-element-a551281 elementor-widget elementor-widget-heading\" data-id=\"a551281\" data-element_type=\"widget\" data-e-type=\"widget\" data-widget_type=\"heading.default\">\n\t\t\t\t<div class=\"elementor-widget-container\">\n\t\t\t\t\t<h2 class=\"elementor-heading-title elementor-size-default\">Wer wir sind<\/h2>\t\t\t\t<\/div>\n\t\t\t\t<\/div>\n\t\t\t\t<div class=\"elementor-element elementor-element-77ffa59 elementor-widget elementor-widget-text-editor\" data-id=\"77ffa59\" data-element_type=\"widget\" data-e-type=\"widget\" data-widget_type=\"text-editor.default\">\n\t\t\t\t<div class=\"elementor-widget-container\">\n\t\t\t\t\t\t\t\t\t<p>Wir sind ein dynamisches Team aus leidenschaftlichen Finanzexperten, vereint durch unser Engagement f\u00fcr Exzellenz und Innovation. Mit ausgepr\u00e4gten Probleml\u00f6sungsf\u00e4higkeiten und einem kooperativen Ansatz bieten wir au\u00dfergew\u00f6hnliche Finanzl\u00f6sungen, die Ergebnisse liefern. Unser Fokus liegt nicht nur auf Zahlen, sondern auf dem Aufbau bedeutungsvoller Beziehungen zu unseren Kunden, um sie in ihren entscheidenden Momenten zu unterst\u00fctzen. W\u00e4hrend wir gemeinsam Herausforderungen meistern, streben wir danach, mit unseren Kunden zu wachsen und sie mit dem Wissen und der Expertise auszustatten, die sie ben\u00f6tigen, um erfolgreich zu sein.<\/p>\t\t\t\t\t\t\t\t<\/div>\n\t\t\t\t<\/div>\n\t\t\t\t<\/div>\n\t\t<div class=\"elementor-element elementor-element-34f095c e-con-full e-flex e-con e-child\" data-id=\"34f095c\" data-element_type=\"container\" data-e-type=\"container\">\n\t\t\t\t<div class=\"elementor-element elementor-element-ea06124 elementor-widget elementor-widget-image\" data-id=\"ea06124\" data-element_type=\"widget\" data-e-type=\"widget\" data-widget_type=\"image.default\">\n\t\t\t\t<div class=\"elementor-widget-container\">\n\t\t\t\t\t\t\t\t\t\t\t\t\t\t\t<img fetchpriority=\"high\" decoding=\"async\" width=\"2560\" height=\"1435\" src=\"https:\/\/ac-inspire.de\/wp-content\/uploads\/2025\/01\/black-white-portrait-friends-scaled.jpg\" class=\"attachment-full size-full wp-image-1051\" alt=\"\" srcset=\"https:\/\/ac-inspire.de\/wp-content\/uploads\/2025\/01\/black-white-portrait-friends-scaled.jpg 2560w, https:\/\/ac-inspire.de\/wp-content\/uploads\/2025\/01\/black-white-portrait-friends-300x168.jpg 300w, https:\/\/ac-inspire.de\/wp-content\/uploads\/2025\/01\/black-white-portrait-friends-1024x574.jpg 1024w, https:\/\/ac-inspire.de\/wp-content\/uploads\/2025\/01\/black-white-portrait-friends-768x430.jpg 768w, https:\/\/ac-inspire.de\/wp-content\/uploads\/2025\/01\/black-white-portrait-friends-1536x861.jpg 1536w, https:\/\/ac-inspire.de\/wp-content\/uploads\/2025\/01\/black-white-portrait-friends-2048x1148.jpg 2048w\" sizes=\"(max-width: 2560px) 100vw, 2560px\" \/>\t\t\t\t\t\t\t\t\t\t\t\t\t\t\t<\/div>\n\t\t\t\t<\/div>\n\t\t\t\t<\/div>\n\t\t\t\t\t<\/div>\n\t\t\t\t<\/div>\n\t\t<div class=\"elementor-element elementor-element-617b38d e-flex e-con-boxed e-con e-parent\" data-id=\"617b38d\" data-element_type=\"container\" data-e-type=\"container\" data-settings=\"{&quot;background_background&quot;:&quot;classic&quot;}\">\n\t\t\t\t\t<div class=\"e-con-inner\">\n\t\t\t\t<div class=\"elementor-element elementor-element-bff7d3e elementor-widget elementor-widget-heading\" data-id=\"bff7d3e\" data-element_type=\"widget\" data-e-type=\"widget\" data-widget_type=\"heading.default\">\n\t\t\t\t<div class=\"elementor-widget-container\">\n\t\t\t\t\t<h2 class=\"elementor-heading-title elementor-size-default\">Unser Team<\/h2>\t\t\t\t<\/div>\n\t\t\t\t<\/div>\n\t\t<div class=\"elementor-element elementor-element-5f3a88c e-grid e-con-boxed e-con e-child\" data-id=\"5f3a88c\" data-element_type=\"container\" data-e-type=\"container\">\n\t\t\t\t\t<div class=\"e-con-inner\">\n\t\t\t\t<div class=\"elementor-element elementor-element-ad65d09 elementor-flip-box--effect-slide elementor-flip-box--direction-up elementor-widget elementor-widget-flip-box\" data-id=\"ad65d09\" data-element_type=\"widget\" data-e-type=\"widget\" data-widget_type=\"flip-box.default\">\n\t\t\t\t<div class=\"elementor-widget-container\">\n\t\t\t\t\t\t\t<div class=\"elementor-flip-box\" tabindex=\"0\">\n\t\t\t<div class=\"elementor-flip-box__layer elementor-flip-box__front\">\n\t\t\t\t<div class=\"elementor-flip-box__layer__overlay\">\n\t\t\t\t\t<div class=\"elementor-flip-box__layer__inner\">\n\t\t\t\t\t\t\n\t\t\t\t\t\t\n\t\t\t\t\t\t\t\t\t\t\t<\/div>\n\t\t\t\t<\/div>\n\t\t\t<\/div>\n\t\t\t<div class=\"elementor-flip-box__layer elementor-flip-box__back\">\n\t\t\t<div class=\"elementor-flip-box__layer__overlay\">\n\t\t\t\t<div class=\"elementor-flip-box__layer__inner\">\n\t\t\t\t\t\t\t\t\t\t\t<h3 class=\"elementor-flip-box__layer__title\">\n\t\t\t\t\t\t\tAnusha Akkina \t\t\t\t\t\t<\/h3>\n\t\t\t\t\t\n\t\t\t\t\t\t\t\t\t\t\t<div class=\"elementor-flip-box__layer__description\">\n\t\t\t\t\t\t\tManaging Partner\t\t\t\t\t\t<\/div>\n\t\t\t\t\t\n\t\t\t\t\t\t\t\t<\/div>\n\t\t<\/div>\n\t\t<\/div>\n\t\t<\/div>\n\t\t\t\t\t\t<\/div>\n\t\t\t\t<\/div>\n\t\t\t\t<div class=\"elementor-element elementor-element-a0dda98 elementor-flip-box--effect-slide elementor-flip-box--direction-up elementor-widget elementor-widget-flip-box\" data-id=\"a0dda98\" data-element_type=\"widget\" data-e-type=\"widget\" data-widget_type=\"flip-box.default\">\n\t\t\t\t<div class=\"elementor-widget-container\">\n\t\t\t\t\t\t\t<div class=\"elementor-flip-box\" tabindex=\"0\">\n\t\t\t<div class=\"elementor-flip-box__layer elementor-flip-box__front\">\n\t\t\t\t<div class=\"elementor-flip-box__layer__overlay\">\n\t\t\t\t\t<div class=\"elementor-flip-box__layer__inner\">\n\t\t\t\t\t\t\n\t\t\t\t\t\t\n\t\t\t\t\t\t\t\t\t\t\t<\/div>\n\t\t\t\t<\/div>\n\t\t\t<\/div>\n\t\t\t<div class=\"elementor-flip-box__layer elementor-flip-box__back\">\n\t\t\t<div class=\"elementor-flip-box__layer__overlay\">\n\t\t\t\t<div class=\"elementor-flip-box__layer__inner\">\n\t\t\t\t\t\t\t\t\t\t\t<h3 class=\"elementor-flip-box__layer__title\">\n\t\t\t\t\t\t\tCornelia Schulz\t\t\t\t\t\t<\/h3>\n\t\t\t\t\t\n\t\t\t\t\t\t\t\t\t\t\t<div class=\"elementor-flip-box__layer__description\">\n\t\t\t\t\t\t\tManaging Partner\t\t\t\t\t\t<\/div>\n\t\t\t\t\t\n\t\t\t\t\t\t\t\t<\/div>\n\t\t<\/div>\n\t\t<\/div>\n\t\t<\/div>\n\t\t\t\t\t\t<\/div>\n\t\t\t\t<\/div>\n\t\t\t\t\t<\/div>\n\t\t\t\t<\/div>\n\t\t\t\t\t<\/div>\n\t\t\t\t<\/div>\n\t\t<div class=\"elementor-element elementor-element-695cd23 e-flex e-con-boxed e-con e-parent\" data-id=\"695cd23\" data-element_type=\"container\" data-e-type=\"container\" data-settings=\"{&quot;background_background&quot;:&quot;classic&quot;}\">\n\t\t\t\t\t<div class=\"e-con-inner\">\n\t\t<div class=\"elementor-element elementor-element-e92aeac e-con-full e-flex e-con e-child\" data-id=\"e92aeac\" data-element_type=\"container\" data-e-type=\"container\">\n\t\t\t\t<div class=\"elementor-element elementor-element-2fea295 elementor-widget elementor-widget-heading\" data-id=\"2fea295\" data-element_type=\"widget\" data-e-type=\"widget\" data-widget_type=\"heading.default\">\n\t\t\t\t<div class=\"elementor-widget-container\">\n\t\t\t\t\t<h2 class=\"elementor-heading-title elementor-size-default\">Was inspiriert  ac-INSPIRE?<\/h2>\t\t\t\t<\/div>\n\t\t\t\t<\/div>\n\t\t\t\t<div class=\"elementor-element elementor-element-1bd6b7b elementor-widget elementor-widget-text-editor\" data-id=\"1bd6b7b\" data-element_type=\"widget\" data-e-type=\"widget\" data-widget_type=\"text-editor.default\">\n\t\t\t\t<div class=\"elementor-widget-container\">\n\t\t\t\t\t\t\t\t\t<p>Egal vor welchen Herausforderungen Sie stehen, welche Ziele Sie verfolgen oder welcher Weg vor Ihnen liegt, ac-INSPIRE begleitet Sie auf jedem Schritt. Wir sind von einer einzigen Mission getrieben: Menschen und Organisationen zu helfen, ihre komplexesten Probleme zu l\u00f6sen.<\/p><p>Das Engagement von ac-INSPIRE geht \u00fcber das Gesch\u00e4ft hinaus. Wir konzentrieren uns darauf, einen Unterschied zu machen, der wirklich z\u00e4hlt. F\u00fcr unsere Kunden, unser Team, die Umwelt und die Gemeinschaften, die wir unterst\u00fctzen, erarbeiten wir\u00a0 L\u00f6sungen, die darauf ausgerichtet sind, nachhaltige Werte zu schaffen, Wachstum zu f\u00f6rdern und Ver\u00e4nderungen herbeizuf\u00fchren, die den Fortschritt f\u00fcr alle vorantreiben.<\/p>\t\t\t\t\t\t\t\t<\/div>\n\t\t\t\t<\/div>\n\t\t\t\t<\/div>\n\t\t\t\t\t<\/div>\n\t\t\t\t<\/div>\n\t\t<div class=\"elementor-element elementor-element-610ac43 e-flex e-con-boxed e-con e-parent\" data-id=\"610ac43\" data-element_type=\"container\" data-e-type=\"container\" data-settings=\"{&quot;background_background&quot;:&quot;classic&quot;}\">\n\t\t\t\t\t<div class=\"e-con-inner\">\n\t\t<div class=\"elementor-element elementor-element-1a783e0 e-con-full e-flex e-con e-child\" data-id=\"1a783e0\" data-element_type=\"container\" data-e-type=\"container\">\n\t\t\t\t<div class=\"elementor-element elementor-element-baa9ed8 elementor-widget elementor-widget-heading\" data-id=\"baa9ed8\" data-element_type=\"widget\" data-e-type=\"widget\" data-widget_type=\"heading.default\">\n\t\t\t\t<div class=\"elementor-widget-container\">\n\t\t\t\t\t<h2 class=\"elementor-heading-title elementor-size-default\">Ethik &amp; Integrit\u00e4t<\/h2>\t\t\t\t<\/div>\n\t\t\t\t<\/div>\n\t\t\t\t<div class=\"elementor-element elementor-element-9d7bd47 elementor-widget elementor-widget-text-editor\" data-id=\"9d7bd47\" data-element_type=\"widget\" data-e-type=\"widget\" data-widget_type=\"text-editor.default\">\n\t\t\t\t<div class=\"elementor-widget-container\">\n\t\t\t\t\t\t\t\t\t<p>ac-INSPIRE, unsere Werte, unsere ethischen Prinzipien und unser Engagement f\u00fcr verantwortungsbewusste Gesch\u00e4ftspraktiken sind das Fundament unserer Unternehmenskultur.<\/p><p>Sie definieren, wer wir sind, wof\u00fcr wir stehen, und beeinflussen, wie wir jede Gelegenheit und Herausforderung angehen. Diese Prinzipien pr\u00e4gen unser Handeln und stellen sicher, dass wir stets die h\u00f6chsten Standards in Bezug auf Integrit\u00e4t, Innovation und gesellschaftliche Verantwortung wahren.<\/p>\t\t\t\t\t\t\t\t<\/div>\n\t\t\t\t<\/div>\n\t\t\t\t<\/div>\n\t\t\t\t\t<\/div>\n\t\t\t\t<\/div>\n\t\t<div class=\"elementor-element elementor-element-8a12785 e-flex e-con-boxed e-con e-parent\" data-id=\"8a12785\" data-element_type=\"container\" data-e-type=\"container\" data-settings=\"{&quot;background_background&quot;:&quot;classic&quot;}\">\n\t\t\t\t\t<div class=\"e-con-inner\">\n\t\t<div class=\"elementor-element elementor-element-278e7f4 e-con-full e-flex e-con e-child\" data-id=\"278e7f4\" data-element_type=\"container\" data-e-type=\"container\">\n\t\t\t\t<div class=\"elementor-element elementor-element-c13ce8d elementor-widget elementor-widget-heading\" data-id=\"c13ce8d\" data-element_type=\"widget\" data-e-type=\"widget\" data-widget_type=\"heading.default\">\n\t\t\t\t<div class=\"elementor-widget-container\">\n\t\t\t\t\t<h2 class=\"elementor-heading-title elementor-size-default\">Werte &amp; Nachhaltigkeit<\/h2>\t\t\t\t<\/div>\n\t\t\t\t<\/div>\n\t\t\t\t<div class=\"elementor-element elementor-element-eed38cb elementor-widget elementor-widget-text-editor\" data-id=\"eed38cb\" data-element_type=\"widget\" data-e-type=\"widget\" data-widget_type=\"text-editor.default\">\n\t\t\t\t<div class=\"elementor-widget-container\">\n\t\t\t\t\t\t\t\t\t<div>\n<div dir=\"auto\" data-message-author-role=\"assistant\" data-message-id=\"c512eea0-4114-4a0b-b02d-1b7bd5be8997\" data-message-model-slug=\"gpt-4o-mini\">\n<div>\n<div>\n<p>Unsere Motto bei ac-INSPIRE lautet \u201eNachhaltige L\u00f6sungen im Finanzbereich f\u00fcr eine nachhaltige Zukunft\u201c.<\/p>\n<p>Wir sind der \u00dcberzeugung, dass finanzieller Erfolg und Nachhaltigkeit Hand in Hand gehen. Unsere Mission ist es, verantwortungsvolle Finanzl\u00f6sungen zu schaffen, die nicht nur heute Werte schaffen, sondern auch ein besseres Morgen sichern. Durch die Integration ethischer Praktiken, innovativer Strategien und einer langfristigen Vision bef\u00e4higen wir Unternehmen und Einzelpersonen, finanzielles Wachstum zu erzielen und gleichzeitig einen positiven Einfluss auf Gesellschaft und Umwelt auszu\u00fcben.<\/p>\n<p>Nachhaltigkeit in der Finanzwelt bedeutet, zukunftsorientierte und risikobewusste&nbsp;<span style=\"color: var( --e-global-color-primary ); text-align: var(--text-align);\">Entscheidungen zu treffen sowie<\/span><span style=\"color: var( --e-global-color-primary ); text-align: var(--text-align);\">&nbsp;soziale Verantwortung zu \u00fcbernehmen . Ob durch ethische Investitionen oder die Unterst\u00fctzung von Unternehmen mit nachhaltigen Gesch\u00e4ftsmodellen \u2013 wir setzen uns daf\u00fcr ein, eine Wirtschaft zu gestalten, die auf Verantwortung und Widerstandsf\u00e4higkeit basiert.<\/span><\/p>\n<p>Bei ac-INSPIRE gehen wir \u00fcber die blo\u00dfe Verwaltung von Zahlen hinaus \u2013 wir entwickeln Finanzstrategien, die sich an den Prinzipien von Umwelt, Gesellschaft und guter Unternehmensf\u00fchrung (ESG) orientieren. Unser Ansatz stellt sicher, dass Investitionen nicht nur hohe Renditen erzielen,&nbsp;<span style=\"color: var( --e-global-color-primary ); text-align: var(--text-align);\">sondern zum Wohlbefinden beitragen, Nachhaltigkeit und langfristigen Erfolg bewirken.<\/span><\/p>\n<\/div>\n<\/div>\n<\/div>\n<\/div>\t\t\t\t\t\t\t\t<\/div>\n\t\t\t\t<\/div>\n\t\t\t\t<\/div>\n\t\t\t\t\t<\/div>\n\t\t\t\t<\/div>\n\t\t\t\t<section class=\"elementor-section elementor-top-section elementor-element elementor-element-2fcddf2 elementor-section-boxed elementor-section-height-default elementor-section-height-default\" data-id=\"2fcddf2\" data-element_type=\"section\" data-e-type=\"section\" data-settings=\"{&quot;background_background&quot;:&quot;classic&quot;}\">\n\t\t\t\t\t\t\t<div class=\"elementor-background-overlay\"><\/div>\n\t\t\t\t\t\t\t<div class=\"elementor-container elementor-column-gap-default\">\n\t\t\t\t\t<div class=\"elementor-column elementor-col-66 elementor-top-column elementor-element elementor-element-6a9863e\" data-id=\"6a9863e\" data-element_type=\"column\" data-e-type=\"column\">\n\t\t\t<div class=\"elementor-widget-wrap elementor-element-populated\">\n\t\t\t\t\t\t<div class=\"elementor-element elementor-element-56af202 elementor-widget__width-initial elementor-widget elementor-widget-heading\" data-id=\"56af202\" data-element_type=\"widget\" data-e-type=\"widget\" data-widget_type=\"heading.default\">\n\t\t\t\t<div class=\"elementor-widget-container\">\n\t\t\t\t\t<h2 class=\"elementor-heading-title elementor-size-default\">\u201eIhre Vision, unser Ziel \" <\/h2>\t\t\t\t<\/div>\n\t\t\t\t<\/div>\n\t\t\t\t<div class=\"elementor-element elementor-element-e954d7a elementor-widget elementor-widget-text-editor\" data-id=\"e954d7a\" data-element_type=\"widget\" data-e-type=\"widget\" data-widget_type=\"text-editor.default\">\n\t\t\t\t<div class=\"elementor-widget-container\">\n\t\t\t\t\t\t\t\t\t<div class=\"flex-shrink-0 flex flex-col relative items-end\"><div><div class=\"pt-0\"><div class=\"gizmo-bot-avatar flex h-8 w-8 items-center justify-center overflow-hidden rounded-full\"><div class=\"relative p-1 rounded-sm flex items-center justify-center bg-token-main-surface-primary text-token-text-primary h-8 w-8\">Ihre erste Beratung ist kostenlos! Lassen Sie uns gemeinsam smarte L\u00f6sungen entwickeln!<\/div><\/div><\/div><\/div><\/div>\t\t\t\t\t\t\t\t<\/div>\n\t\t\t\t<\/div>\n\t\t\t\t\t<\/div>\n\t\t<\/div>\n\t\t\t\t<div class=\"elementor-column elementor-col-33 elementor-top-column elementor-element elementor-element-ab29d42\" data-id=\"ab29d42\" data-element_type=\"column\" data-e-type=\"column\">\n\t\t\t<div class=\"elementor-widget-wrap elementor-element-populated\">\n\t\t\t\t\t\t<div class=\"elementor-element elementor-element-ae518bd elementor-align-right elementor-mobile-align-center elementor-widget elementor-widget-button\" data-id=\"ae518bd\" data-element_type=\"widget\" data-e-type=\"widget\" data-widget_type=\"button.default\">\n\t\t\t\t<div class=\"elementor-widget-container\">\n\t\t\t\t\t\t\t\t\t<div class=\"elementor-button-wrapper\">\n\t\t\t\t\t<a class=\"elementor-button elementor-button-link elementor-size-lg\" href=\"https:\/\/ac-inspire.de\/contact\/\">\n\t\t\t\t\t\t<span class=\"elementor-button-content-wrapper\">\n\t\t\t\t\t\t\t\t\t<span class=\"elementor-button-text\">Buchen Sie hier Ihre erste Beratung<\/span>\n\t\t\t\t\t<\/span>\n\t\t\t\t\t<\/a>\n\t\t\t\t<\/div>\n\t\t\t\t\t\t\t\t<\/div>\n\t\t\t\t<\/div>\n\t\t\t\t\t<\/div>\n\t\t<\/div>\n\t\t\t\t\t<\/div>\n\t\t<\/section>\n\t\t\t\t<\/div>\n\t\t","protected":false},"excerpt":{"rendered":"<p>\u00dcber uns Home \u00dcber uns Wer wir sind Wir sind ein dynamisches Team aus leidenschaftlichen Finanzexperten, vereint durch unser Engagement f\u00fcr Exzellenz und Innovation. Mit ausgepr\u00e4gten Probleml\u00f6sungsf\u00e4higkeiten und einem kooperativen Ansatz bieten wir au\u00dfergew\u00f6hnliche Finanzl\u00f6sungen, die Ergebnisse liefern. Unser Fokus liegt nicht nur auf Zahlen, sondern auf dem Aufbau bedeutungsvoller Beziehungen zu unseren Kunden, um [&hellip;]<\/p>\n","protected":false},"author":1,"featured_media":0,"parent":0,"menu_order":0,"comment_status":"closed","ping_status":"closed","template":"elementor_header_footer","meta":{"footnotes":""},"class_list":["post-1523","page","type-page","status-publish","hentry"],"_links":{"self":[{"href":"https:\/\/ac-inspire.de\/de\/wp-json\/wp\/v2\/pages\/1523","targetHints":{"allow":["GET"]}}],"collection":[{"href":"https:\/\/ac-inspire.de\/de\/wp-json\/wp\/v2\/pages"}],"about":[{"href":"https:\/\/ac-inspire.de\/de\/wp-json\/wp\/v2\/types\/page"}],"author":[{"embeddable":true,"href":"https:\/\/ac-inspire.de\/de\/wp-json\/wp\/v2\/users\/1"}],"replies":[{"embeddable":true,"href":"https:\/\/ac-inspire.de\/de\/wp-json\/wp\/v2\/comments?post=1523"}],"version-history":[{"count":31,"href":"https:\/\/ac-inspire.de\/de\/wp-json\/wp\/v2\/pages\/1523\/revisions"}],"predecessor-version":[{"id":2182,"href":"https:\/\/ac-inspire.de\/de\/wp-json\/wp\/v2\/pages\/1523\/revisions\/2182"}],"wp:attachment":[{"href":"https:\/\/ac-inspire.de\/de\/wp-json\/wp\/v2\/media?parent=1523"}],"curies":[{"name":"wp","href":"https:\/\/api.w.org\/{rel}","templated":true}]}}